{"id":11009,"date":"2024-02-12T13:12:34","date_gmt":"2024-02-12T13:12:34","guid":{"rendered":"https:\/\/www.vocalegalglobal.com\/?page_id=11009"},"modified":"2024-02-12T13:12:42","modified_gmt":"2024-02-12T13:12:42","slug":"bestatigte-ubersetzungen","status":"publish","type":"page","link":"https:\/\/www.vocalegalglobal.com\/de\/bestatigte-ubersetzungen\/","title":{"rendered":"Best\u00e4tigte \u00dcbersetzungen"},"content":{"rendered":"","protected":false},"excerpt":{"rendered":"","protected":false},"author":18,"featured_media":5230,"parent":0,"menu_order":0,"comment_status":"closed","ping_status":"closed","template":"templates\/certifiedtranslation-new.php","meta":{"_acf_changed":false,"inline_featured_image":false,"_monsterinsights_skip_tracking":false,"_monsterinsights_sitenote_active":false,"_monsterinsights_sitenote_note":"","_monsterinsights_sitenote_category":0,"footnotes":""},"class_list":["post-11009","page","type-page","status-publish","has-post-thumbnail","hentry"],"acf":[],"yoast_head":"<!-- This site is optimized with the Yoast SEO Premium plugin v26.6 (Yoast SEO v26.6) - https:\/\/yoast.com\/wordpress\/plugins\/seo\/ -->\n<title>Best\u00e4tigte \u00dcbersetzungen<\/title>\n<meta name=\"description\" content=\"Best\u00e4tigte \u00dcbersetzungen f\u00fcr amtliche oder gerichtliche Angelegenheiten f\u00fcr das gew\u00fcnschte Land oder die gew\u00fcnschte Gerichtsbarkeit.\" \/>\n<meta name=\"robots\" content=\"noindex, nofollow\" \/>\n<meta property=\"og:locale\" content=\"de_DE\" \/>\n<meta property=\"og:type\" content=\"article\" \/>\n<meta property=\"og:title\" content=\"Best\u00e4tigte \u00dcbersetzungen\" \/>\n<meta property=\"og:description\" content=\"Best\u00e4tigte \u00dcbersetzungen f\u00fcr amtliche oder gerichtliche Angelegenheiten f\u00fcr das gew\u00fcnschte Land oder die gew\u00fcnschte Gerichtsbarkeit.\" \/>\n<meta property=\"og:url\" content=\"https:\/\/www.vocalegalglobal.com\/de\/bestatigte-ubersetzungen\/\" \/>\n<meta property=\"og:site_name\" content=\"Legal Translation Services, London, UK | Vocalegal\" \/>\n<meta property=\"article:modified_time\" content=\"2024-02-12T13:12:42+00:00\" \/>\n<meta property=\"og:image\" content=\"https:\/\/www.vocalegalglobal.com\/wp-content\/uploads\/2023\/03\/09_Certified-Translation-Services-1.png\" \/>\n\t<meta property=\"og:image:width\" content=\"800\" \/>\n\t<meta property=\"og:image:height\" content=\"800\" \/>\n\t<meta property=\"og:image:type\" content=\"image\/png\" \/>\n<meta name=\"twitter:card\" content=\"summary_large_image\" \/>\n<meta name=\"twitter:site\" content=\"@vocalegal\" \/>\n<!-- \/ Yoast SEO Premium plugin. -->","yoast_head_json":{"title":"Best\u00e4tigte \u00dcbersetzungen","description":"Best\u00e4tigte \u00dcbersetzungen f\u00fcr amtliche oder gerichtliche Angelegenheiten f\u00fcr das gew\u00fcnschte Land oder die gew\u00fcnschte Gerichtsbarkeit.","robots":{"index":"noindex","follow":"nofollow"},"og_locale":"de_DE","og_type":"article","og_title":"Best\u00e4tigte \u00dcbersetzungen","og_description":"Best\u00e4tigte \u00dcbersetzungen f\u00fcr amtliche oder gerichtliche Angelegenheiten f\u00fcr das gew\u00fcnschte Land oder die gew\u00fcnschte Gerichtsbarkeit.","og_url":"https:\/\/www.vocalegalglobal.com\/de\/bestatigte-ubersetzungen\/","og_site_name":"Legal Translation Services, London, UK | Vocalegal","article_modified_time":"2024-02-12T13:12:42+00:00","og_image":[{"width":800,"height":800,"url":"https:\/\/www.vocalegalglobal.com\/wp-content\/uploads\/2023\/03\/09_Certified-Translation-Services-1.png","type":"image\/png"}],"twitter_card":"summary_large_image","twitter_site":"@vocalegal","schema":{"@context":"https:\/\/schema.org","@graph":[{"@type":"WebPage","@id":"https:\/\/www.vocalegalglobal.com\/de\/bestatigte-ubersetzungen\/","url":"https:\/\/www.vocalegalglobal.com\/de\/bestatigte-ubersetzungen\/","name":"Best\u00e4tigte \u00dcbersetzungen","isPartOf":{"@id":"https:\/\/www.vocalegalglobal.com\/de\/#website"},"primaryImageOfPage":{"@id":"https:\/\/www.vocalegalglobal.com\/de\/bestatigte-ubersetzungen\/#primaryimage"},"image":{"@id":"https:\/\/www.vocalegalglobal.com\/de\/bestatigte-ubersetzungen\/#primaryimage"},"thumbnailUrl":"https:\/\/www.vocalegalglobal.com\/wp-content\/uploads\/2023\/03\/09_Certified-Translation-Services-1.png","datePublished":"2024-02-12T13:12:34+00:00","dateModified":"2024-02-12T13:12:42+00:00","description":"Best\u00e4tigte \u00dcbersetzungen f\u00fcr amtliche oder gerichtliche Angelegenheiten f\u00fcr das gew\u00fcnschte Land oder die gew\u00fcnschte Gerichtsbarkeit.","breadcrumb":{"@id":"https:\/\/www.vocalegalglobal.com\/de\/bestatigte-ubersetzungen\/#breadcrumb"},"inLanguage":"de","potentialAction":[{"@type":"ReadAction","target":["https:\/\/www.vocalegalglobal.com\/de\/bestatigte-ubersetzungen\/"]}]},{"@type":"ImageObject","inLanguage":"de","@id":"https:\/\/www.vocalegalglobal.com\/de\/bestatigte-ubersetzungen\/#primaryimage","url":"https:\/\/www.vocalegalglobal.com\/wp-content\/uploads\/2023\/03\/09_Certified-Translation-Services-1.png","contentUrl":"https:\/\/www.vocalegalglobal.com\/wp-content\/uploads\/2023\/03\/09_Certified-Translation-Services-1.png","width":800,"height":800},{"@type":"BreadcrumbList","@id":"https:\/\/www.vocalegalglobal.com\/de\/bestatigte-ubersetzungen\/#breadcrumb","itemListElement":[{"@type":"ListItem","position":1,"name":"Startseite","item":"https:\/\/www.vocalegalglobal.com\/de\/"},{"@type":"ListItem","position":2,"name":"Professionelle \u00dcbersetzungsdienste","item":"https:\/\/www.vocalegalglobal.com\/de\/professional-translation-services\/"},{"@type":"ListItem","position":3,"name":"Best\u00e4tigte \u00dcbersetzungen"}]},{"@type":"WebSite","@id":"https:\/\/www.vocalegalglobal.com\/de\/#website","url":"https:\/\/www.vocalegalglobal.com\/de\/","name":"Legal Translation Services, London, UK | Vocalegal","description":"","publisher":{"@id":"https:\/\/www.vocalegalglobal.com\/de\/#organization"},"potentialAction":[{"@type":"SearchAction","target":{"@type":"EntryPoint","urlTemplate":"https:\/\/www.vocalegalglobal.com\/de\/?s={search_term_string}"},"query-input":{"@type":"PropertyValueSpecification","valueRequired":true,"valueName":"search_term_string"}}],"inLanguage":"de"},{"@type":"Organization","@id":"https:\/\/www.vocalegalglobal.com\/de\/#organization","name":"Vocalegal Translation Services","url":"https:\/\/www.vocalegalglobal.com\/de\/","logo":{"@type":"ImageObject","inLanguage":"de","@id":"https:\/\/www.vocalegalglobal.com\/de\/#\/schema\/logo\/image\/","url":"https:\/\/www.vocalegalglobal.com\/wp-content\/uploads\/2023\/01\/Vocalegal-removebg-preview.png","contentUrl":"https:\/\/www.vocalegalglobal.com\/wp-content\/uploads\/2023\/01\/Vocalegal-removebg-preview.png","width":954,"height":166,"caption":"Vocalegal Translation Services"},"image":{"@id":"https:\/\/www.vocalegalglobal.com\/de\/#\/schema\/logo\/image\/"},"sameAs":["https:\/\/x.com\/vocalegal","https:\/\/www.linkedin.com\/company\/vocalegal\/"]}]}},"_links":{"self":[{"href":"https:\/\/www.vocalegalglobal.com\/de\/wp-json\/wp\/v2\/pages\/11009","targetHints":{"allow":["GET"]}}],"collection":[{"href":"https:\/\/www.vocalegalglobal.com\/de\/wp-json\/wp\/v2\/pages"}],"about":[{"href":"https:\/\/www.vocalegalglobal.com\/de\/wp-json\/wp\/v2\/types\/page"}],"author":[{"embeddable":true,"href":"https:\/\/www.vocalegalglobal.com\/de\/wp-json\/wp\/v2\/users\/18"}],"replies":[{"embeddable":true,"href":"https:\/\/www.vocalegalglobal.com\/de\/wp-json\/wp\/v2\/comments?post=11009"}],"version-history":[{"count":1,"href":"https:\/\/www.vocalegalglobal.com\/de\/wp-json\/wp\/v2\/pages\/11009\/revisions"}],"predecessor-version":[{"id":11015,"href":"https:\/\/www.vocalegalglobal.com\/de\/wp-json\/wp\/v2\/pages\/11009\/revisions\/11015"}],"wp:featuredmedia":[{"embeddable":true,"href":"https:\/\/www.vocalegalglobal.com\/de\/wp-json\/wp\/v2\/media\/5230"}],"wp:attachment":[{"href":"https:\/\/www.vocalegalglobal.com\/de\/wp-json\/wp\/v2\/media?parent=11009"}],"curies":[{"name":"wp","href":"https:\/\/api.w.org\/{rel}","templated":true}]}}