{"id":5964,"date":"2022-10-04T11:24:08","date_gmt":"2022-10-04T10:24:08","guid":{"rendered":"https:\/\/www.vocalegalglobal.com\/professional-translation-services\/"},"modified":"2023-10-17T16:17:20","modified_gmt":"2023-10-17T15:17:20","slug":"professionelle-uebersetzungsdienste","status":"publish","type":"page","link":"https:\/\/www.vocalegalglobal.com\/de\/professionelle-uebersetzungsdienste\/","title":{"rendered":"Professionelle \u00dcbersetzungsdienste"},"content":{"rendered":"","protected":false},"excerpt":{"rendered":"","protected":false},"author":1,"featured_media":5160,"parent":0,"menu_order":0,"comment_status":"closed","ping_status":"closed","template":"templates\/professional.php","meta":{"_acf_changed":false,"inline_featured_image":false,"_monsterinsights_skip_tracking":false,"_monsterinsights_sitenote_active":false,"_monsterinsights_sitenote_note":"","_monsterinsights_sitenote_category":0,"footnotes":""},"class_list":["post-5964","page","type-page","status-publish","has-post-thumbnail","hentry"],"acf":[],"yoast_head":"<!-- This site is optimized with the Yoast SEO Premium plugin v26.6 (Yoast SEO v26.6) - https:\/\/yoast.com\/wordpress\/plugins\/seo\/ -->\n<title>\u00dcbersetzung juristischer Dokumente, juristische \u00dcbersetzungen<\/title>\n<meta name=\"description\" content=\"Professionelle \u00dcbersetzungsdienste von Fach\u00fcbersetzern. Lass deine Dokumente nach der Prozessnorm ISO17100 \u00fcbersetzen. Jetzt ein Angebot anfordern\" \/>\n<meta name=\"robots\" content=\"index, follow, max-snippet:-1, max-image-preview:large, max-video-preview:-1\" \/>\n<link rel=\"canonical\" href=\"https:\/\/www.vocalegalglobal.com\/de\/professionelle-uebersetzungsdienste\/\" \/>\n<meta property=\"og:locale\" content=\"de_DE\" \/>\n<meta property=\"og:type\" content=\"article\" \/>\n<meta property=\"og:title\" content=\"Professionelle \u00dcbersetzungsdienste\" \/>\n<meta property=\"og:description\" content=\"Professionelle \u00dcbersetzungsdienste von Fach\u00fcbersetzern. Lass deine Dokumente nach der Prozessnorm ISO17100 \u00fcbersetzen. Jetzt ein Angebot anfordern\" \/>\n<meta property=\"og:url\" content=\"https:\/\/www.vocalegalglobal.com\/de\/professionelle-uebersetzungsdienste\/\" \/>\n<meta property=\"og:site_name\" content=\"Legal Translation Services, London, UK | Vocalegal\" \/>\n<meta property=\"article:modified_time\" content=\"2023-10-17T15:17:20+00:00\" \/>\n<meta property=\"og:image\" content=\"https:\/\/www.vocalegalglobal.com\/wp-content\/uploads\/2023\/02\/professional-fast-translation-services-scaled.webp\" \/>\n\t<meta property=\"og:image:width\" content=\"2560\" \/>\n\t<meta property=\"og:image:height\" content=\"2448\" \/>\n\t<meta property=\"og:image:type\" content=\"image\/webp\" \/>\n<meta name=\"twitter:card\" content=\"summary_large_image\" \/>\n<meta name=\"twitter:site\" content=\"@vocalegal\" \/>\n<!-- \/ Yoast SEO Premium plugin. -->","yoast_head_json":{"title":"\u00dcbersetzung juristischer Dokumente, juristische \u00dcbersetzungen","description":"Professionelle \u00dcbersetzungsdienste von Fach\u00fcbersetzern. Lass deine Dokumente nach der Prozessnorm ISO17100 \u00fcbersetzen. Jetzt ein Angebot anfordern","robots":{"index":"index","follow":"follow","max-snippet":"max-snippet:-1","max-image-preview":"max-image-preview:large","max-video-preview":"max-video-preview:-1"},"canonical":"https:\/\/www.vocalegalglobal.com\/de\/professionelle-uebersetzungsdienste\/","og_locale":"de_DE","og_type":"article","og_title":"Professionelle \u00dcbersetzungsdienste","og_description":"Professionelle \u00dcbersetzungsdienste von Fach\u00fcbersetzern. Lass deine Dokumente nach der Prozessnorm ISO17100 \u00fcbersetzen. Jetzt ein Angebot anfordern","og_url":"https:\/\/www.vocalegalglobal.com\/de\/professionelle-uebersetzungsdienste\/","og_site_name":"Legal Translation Services, London, UK | Vocalegal","article_modified_time":"2023-10-17T15:17:20+00:00","og_image":[{"width":2560,"height":2448,"url":"https:\/\/www.vocalegalglobal.com\/wp-content\/uploads\/2023\/02\/professional-fast-translation-services-scaled.webp","type":"image\/webp"}],"twitter_card":"summary_large_image","twitter_site":"@vocalegal","schema":{"@context":"https:\/\/schema.org","@graph":[{"@type":"WebPage","@id":"https:\/\/www.vocalegalglobal.com\/de\/professionelle-uebersetzungsdienste\/","url":"https:\/\/www.vocalegalglobal.com\/de\/professionelle-uebersetzungsdienste\/","name":"\u00dcbersetzung juristischer Dokumente, juristische \u00dcbersetzungen","isPartOf":{"@id":"https:\/\/www.vocalegalglobal.com\/de\/#website"},"primaryImageOfPage":{"@id":"https:\/\/www.vocalegalglobal.com\/de\/professionelle-uebersetzungsdienste\/#primaryimage"},"image":{"@id":"https:\/\/www.vocalegalglobal.com\/de\/professionelle-uebersetzungsdienste\/#primaryimage"},"thumbnailUrl":"https:\/\/www.vocalegalglobal.com\/wp-content\/uploads\/2023\/02\/professional-fast-translation-services-scaled.webp","datePublished":"2022-10-04T10:24:08+00:00","dateModified":"2023-10-17T15:17:20+00:00","description":"Professionelle \u00dcbersetzungsdienste von Fach\u00fcbersetzern. Lass deine Dokumente nach der Prozessnorm ISO17100 \u00fcbersetzen. Jetzt ein Angebot anfordern","breadcrumb":{"@id":"https:\/\/www.vocalegalglobal.com\/de\/professionelle-uebersetzungsdienste\/#breadcrumb"},"inLanguage":"de","potentialAction":[{"@type":"ReadAction","target":["https:\/\/www.vocalegalglobal.com\/de\/professionelle-uebersetzungsdienste\/"]}]},{"@type":"ImageObject","inLanguage":"de","@id":"https:\/\/www.vocalegalglobal.com\/de\/professionelle-uebersetzungsdienste\/#primaryimage","url":"https:\/\/www.vocalegalglobal.com\/wp-content\/uploads\/2023\/02\/professional-fast-translation-services-scaled.webp","contentUrl":"https:\/\/www.vocalegalglobal.com\/wp-content\/uploads\/2023\/02\/professional-fast-translation-services-scaled.webp","width":2560,"height":2448},{"@type":"BreadcrumbList","@id":"https:\/\/www.vocalegalglobal.com\/de\/professionelle-uebersetzungsdienste\/#breadcrumb","itemListElement":[{"@type":"ListItem","position":1,"name":"Startseite","item":"https:\/\/www.vocalegalglobal.com\/de\/"},{"@type":"ListItem","position":2,"name":"Professionelle \u00dcbersetzungsdienste"}]},{"@type":"WebSite","@id":"https:\/\/www.vocalegalglobal.com\/de\/#website","url":"https:\/\/www.vocalegalglobal.com\/de\/","name":"Legal Translation Services, London, UK | Vocalegal","description":"","publisher":{"@id":"https:\/\/www.vocalegalglobal.com\/de\/#organization"},"potentialAction":[{"@type":"SearchAction","target":{"@type":"EntryPoint","urlTemplate":"https:\/\/www.vocalegalglobal.com\/de\/?s={search_term_string}"},"query-input":{"@type":"PropertyValueSpecification","valueRequired":true,"valueName":"search_term_string"}}],"inLanguage":"de"},{"@type":"Organization","@id":"https:\/\/www.vocalegalglobal.com\/de\/#organization","name":"Vocalegal Translation Services","url":"https:\/\/www.vocalegalglobal.com\/de\/","logo":{"@type":"ImageObject","inLanguage":"de","@id":"https:\/\/www.vocalegalglobal.com\/de\/#\/schema\/logo\/image\/","url":"https:\/\/www.vocalegalglobal.com\/wp-content\/uploads\/2023\/01\/Vocalegal-removebg-preview.png","contentUrl":"https:\/\/www.vocalegalglobal.com\/wp-content\/uploads\/2023\/01\/Vocalegal-removebg-preview.png","width":954,"height":166,"caption":"Vocalegal Translation Services"},"image":{"@id":"https:\/\/www.vocalegalglobal.com\/de\/#\/schema\/logo\/image\/"},"sameAs":["https:\/\/x.com\/vocalegal","https:\/\/www.linkedin.com\/company\/vocalegal\/"]}]}},"_links":{"self":[{"href":"https:\/\/www.vocalegalglobal.com\/de\/wp-json\/wp\/v2\/pages\/5964","targetHints":{"allow":["GET"]}}],"collection":[{"href":"https:\/\/www.vocalegalglobal.com\/de\/wp-json\/wp\/v2\/pages"}],"about":[{"href":"https:\/\/www.vocalegalglobal.com\/de\/wp-json\/wp\/v2\/types\/page"}],"author":[{"embeddable":true,"href":"https:\/\/www.vocalegalglobal.com\/de\/wp-json\/wp\/v2\/users\/1"}],"replies":[{"embeddable":true,"href":"https:\/\/www.vocalegalglobal.com\/de\/wp-json\/wp\/v2\/comments?post=5964"}],"version-history":[{"count":10,"href":"https:\/\/www.vocalegalglobal.com\/de\/wp-json\/wp\/v2\/pages\/5964\/revisions"}],"predecessor-version":[{"id":9587,"href":"https:\/\/www.vocalegalglobal.com\/de\/wp-json\/wp\/v2\/pages\/5964\/revisions\/9587"}],"wp:featuredmedia":[{"embeddable":true,"href":"https:\/\/www.vocalegalglobal.com\/de\/wp-json\/wp\/v2\/media\/5160"}],"wp:attachment":[{"href":"https:\/\/www.vocalegalglobal.com\/de\/wp-json\/wp\/v2\/media?parent=5964"}],"curies":[{"name":"wp","href":"https:\/\/api.w.org\/{rel}","templated":true}]}}