{"id":6004,"date":"2022-10-05T13:43:16","date_gmt":"2022-10-05T12:43:16","guid":{"rendered":"https:\/\/www.vocalegalglobal.com\/professionelle-uebersetzungsdienste\/legal-translation-services\/"},"modified":"2023-10-11T16:54:39","modified_gmt":"2023-10-11T15:54:39","slug":"juristische-uebersetzungen","status":"publish","type":"page","link":"https:\/\/www.vocalegalglobal.com\/de\/professionelle-uebersetzungsdienste\/juristische-uebersetzungen\/","title":{"rendered":"Juristische \u00dcbersetzungen"},"content":{"rendered":"","protected":false},"excerpt":{"rendered":"","protected":false},"author":1,"featured_media":4559,"parent":5964,"menu_order":0,"comment_status":"closed","ping_status":"closed","template":"templates\/legaltranslation.php","meta":{"_acf_changed":false,"inline_featured_image":false,"_monsterinsights_skip_tracking":false,"_monsterinsights_sitenote_active":false,"_monsterinsights_sitenote_note":"","_monsterinsights_sitenote_category":0,"footnotes":""},"class_list":["post-6004","page","type-page","status-publish","has-post-thumbnail","hentry"],"acf":[],"yoast_head":"<!-- This site is optimized with the Yoast SEO Premium plugin v26.6 (Yoast SEO v26.6) - https:\/\/yoast.com\/wordpress\/plugins\/seo\/ -->\n<title>Juristische \u00dcbersetzungen | Vocalegal, London UK<\/title>\n<meta name=\"description\" content=\"Juristische \u00dcbersetzung, \u00dcbersetzung juristischer Dokumente, juristischer \u00dcbersetzungsdienst, juristische \u00dcbersetzungsdienste London, juristische \u00dcbersetzung, juristische \u00dcbersetzer, \u00dcbersetzer juristischer Dokumente, juristische \u00dcbersetzer London, Rechtswesen-\u00dcbersetzungen\" \/>\n<meta name=\"robots\" content=\"index, follow, max-snippet:-1, max-image-preview:large, max-video-preview:-1\" \/>\n<link rel=\"canonical\" href=\"https:\/\/www.vocalegalglobal.com\/de\/professionelle-uebersetzungsdienste\/juristische-uebersetzungen\/\" \/>\n<meta property=\"og:locale\" content=\"de_DE\" \/>\n<meta property=\"og:type\" content=\"article\" \/>\n<meta property=\"og:title\" content=\"Juristische \u00dcbersetzungen\" \/>\n<meta property=\"og:description\" content=\"Juristische \u00dcbersetzung, \u00dcbersetzung juristischer Dokumente, juristischer \u00dcbersetzungsdienst, juristische \u00dcbersetzungsdienste London, juristische \u00dcbersetzung, juristische \u00dcbersetzer, \u00dcbersetzer juristischer Dokumente, juristische \u00dcbersetzer London, Rechtswesen-\u00dcbersetzungen\" \/>\n<meta property=\"og:url\" content=\"https:\/\/www.vocalegalglobal.com\/de\/professionelle-uebersetzungsdienste\/juristische-uebersetzungen\/\" \/>\n<meta property=\"og:site_name\" content=\"Legal Translation Services, London, UK | Vocalegal\" \/>\n<meta property=\"article:modified_time\" content=\"2023-10-11T15:54:39+00:00\" \/>\n<meta property=\"og:image\" content=\"https:\/\/www.vocalegalglobal.com\/wp-content\/uploads\/2023\/03\/17-Legal-document-translation-services.png\" \/>\n\t<meta property=\"og:image:width\" content=\"800\" \/>\n\t<meta property=\"og:image:height\" content=\"800\" \/>\n\t<meta property=\"og:image:type\" content=\"image\/png\" \/>\n<meta name=\"twitter:card\" content=\"summary_large_image\" \/>\n<meta name=\"twitter:site\" content=\"@vocalegal\" \/>\n<!-- \/ Yoast SEO Premium plugin. -->","yoast_head_json":{"title":"Juristische \u00dcbersetzungen | Vocalegal, London UK","description":"Juristische \u00dcbersetzung, \u00dcbersetzung juristischer Dokumente, juristischer \u00dcbersetzungsdienst, juristische \u00dcbersetzungsdienste London, juristische \u00dcbersetzung, juristische \u00dcbersetzer, \u00dcbersetzer juristischer Dokumente, juristische \u00dcbersetzer London, Rechtswesen-\u00dcbersetzungen","robots":{"index":"index","follow":"follow","max-snippet":"max-snippet:-1","max-image-preview":"max-image-preview:large","max-video-preview":"max-video-preview:-1"},"canonical":"https:\/\/www.vocalegalglobal.com\/de\/professionelle-uebersetzungsdienste\/juristische-uebersetzungen\/","og_locale":"de_DE","og_type":"article","og_title":"Juristische \u00dcbersetzungen","og_description":"Juristische \u00dcbersetzung, \u00dcbersetzung juristischer Dokumente, juristischer \u00dcbersetzungsdienst, juristische \u00dcbersetzungsdienste London, juristische \u00dcbersetzung, juristische \u00dcbersetzer, \u00dcbersetzer juristischer Dokumente, juristische \u00dcbersetzer London, Rechtswesen-\u00dcbersetzungen","og_url":"https:\/\/www.vocalegalglobal.com\/de\/professionelle-uebersetzungsdienste\/juristische-uebersetzungen\/","og_site_name":"Legal Translation Services, London, UK | Vocalegal","article_modified_time":"2023-10-11T15:54:39+00:00","og_image":[{"width":800,"height":800,"url":"https:\/\/www.vocalegalglobal.com\/wp-content\/uploads\/2023\/03\/17-Legal-document-translation-services.png","type":"image\/png"}],"twitter_card":"summary_large_image","twitter_site":"@vocalegal","schema":{"@context":"https:\/\/schema.org","@graph":[{"@type":"WebPage","@id":"https:\/\/www.vocalegalglobal.com\/de\/professionelle-uebersetzungsdienste\/juristische-uebersetzungen\/","url":"https:\/\/www.vocalegalglobal.com\/de\/professionelle-uebersetzungsdienste\/juristische-uebersetzungen\/","name":"Juristische \u00dcbersetzungen | Vocalegal, London UK","isPartOf":{"@id":"https:\/\/www.vocalegalglobal.com\/de\/#website"},"primaryImageOfPage":{"@id":"https:\/\/www.vocalegalglobal.com\/de\/professionelle-uebersetzungsdienste\/juristische-uebersetzungen\/#primaryimage"},"image":{"@id":"https:\/\/www.vocalegalglobal.com\/de\/professionelle-uebersetzungsdienste\/juristische-uebersetzungen\/#primaryimage"},"thumbnailUrl":"https:\/\/www.vocalegalglobal.com\/wp-content\/uploads\/2022\/10\/gavel-with-books-old-wooden-desk.jpg","datePublished":"2022-10-05T12:43:16+00:00","dateModified":"2023-10-11T15:54:39+00:00","description":"Juristische \u00dcbersetzung, \u00dcbersetzung juristischer Dokumente, juristischer \u00dcbersetzungsdienst, juristische \u00dcbersetzungsdienste London, juristische \u00dcbersetzung, juristische \u00dcbersetzer, \u00dcbersetzer juristischer Dokumente, juristische \u00dcbersetzer London, Rechtswesen-\u00dcbersetzungen","breadcrumb":{"@id":"https:\/\/www.vocalegalglobal.com\/de\/professionelle-uebersetzungsdienste\/juristische-uebersetzungen\/#breadcrumb"},"inLanguage":"de","potentialAction":[{"@type":"ReadAction","target":["https:\/\/www.vocalegalglobal.com\/de\/professionelle-uebersetzungsdienste\/juristische-uebersetzungen\/"]}]},{"@type":"ImageObject","inLanguage":"de","@id":"https:\/\/www.vocalegalglobal.com\/de\/professionelle-uebersetzungsdienste\/juristische-uebersetzungen\/#primaryimage","url":"https:\/\/www.vocalegalglobal.com\/wp-content\/uploads\/2022\/10\/gavel-with-books-old-wooden-desk.jpg","contentUrl":"https:\/\/www.vocalegalglobal.com\/wp-content\/uploads\/2022\/10\/gavel-with-books-old-wooden-desk.jpg","width":610,"height":632,"caption":"gavel with books old wooden desk"},{"@type":"BreadcrumbList","@id":"https:\/\/www.vocalegalglobal.com\/de\/professionelle-uebersetzungsdienste\/juristische-uebersetzungen\/#breadcrumb","itemListElement":[{"@type":"ListItem","position":1,"name":"Startseite","item":"https:\/\/www.vocalegalglobal.com\/de\/"},{"@type":"ListItem","position":2,"name":"Professionelle \u00dcbersetzungsdienste","item":"https:\/\/www.vocalegalglobal.com\/de\/professional-translation-services\/"},{"@type":"ListItem","position":3,"name":"Juristische \u00dcbersetzungen"}]},{"@type":"WebSite","@id":"https:\/\/www.vocalegalglobal.com\/de\/#website","url":"https:\/\/www.vocalegalglobal.com\/de\/","name":"Legal Translation Services, London, UK | Vocalegal","description":"","publisher":{"@id":"https:\/\/www.vocalegalglobal.com\/de\/#organization"},"potentialAction":[{"@type":"SearchAction","target":{"@type":"EntryPoint","urlTemplate":"https:\/\/www.vocalegalglobal.com\/de\/?s={search_term_string}"},"query-input":{"@type":"PropertyValueSpecification","valueRequired":true,"valueName":"search_term_string"}}],"inLanguage":"de"},{"@type":"Organization","@id":"https:\/\/www.vocalegalglobal.com\/de\/#organization","name":"Vocalegal Translation Services","url":"https:\/\/www.vocalegalglobal.com\/de\/","logo":{"@type":"ImageObject","inLanguage":"de","@id":"https:\/\/www.vocalegalglobal.com\/de\/#\/schema\/logo\/image\/","url":"https:\/\/www.vocalegalglobal.com\/wp-content\/uploads\/2023\/01\/Vocalegal-removebg-preview.png","contentUrl":"https:\/\/www.vocalegalglobal.com\/wp-content\/uploads\/2023\/01\/Vocalegal-removebg-preview.png","width":954,"height":166,"caption":"Vocalegal Translation Services"},"image":{"@id":"https:\/\/www.vocalegalglobal.com\/de\/#\/schema\/logo\/image\/"},"sameAs":["https:\/\/x.com\/vocalegal","https:\/\/www.linkedin.com\/company\/vocalegal\/"]}]}},"_links":{"self":[{"href":"https:\/\/www.vocalegalglobal.com\/de\/wp-json\/wp\/v2\/pages\/6004","targetHints":{"allow":["GET"]}}],"collection":[{"href":"https:\/\/www.vocalegalglobal.com\/de\/wp-json\/wp\/v2\/pages"}],"about":[{"href":"https:\/\/www.vocalegalglobal.com\/de\/wp-json\/wp\/v2\/types\/page"}],"author":[{"embeddable":true,"href":"https:\/\/www.vocalegalglobal.com\/de\/wp-json\/wp\/v2\/users\/1"}],"replies":[{"embeddable":true,"href":"https:\/\/www.vocalegalglobal.com\/de\/wp-json\/wp\/v2\/comments?post=6004"}],"version-history":[{"count":5,"href":"https:\/\/www.vocalegalglobal.com\/de\/wp-json\/wp\/v2\/pages\/6004\/revisions"}],"predecessor-version":[{"id":9372,"href":"https:\/\/www.vocalegalglobal.com\/de\/wp-json\/wp\/v2\/pages\/6004\/revisions\/9372"}],"up":[{"embeddable":true,"href":"https:\/\/www.vocalegalglobal.com\/de\/wp-json\/wp\/v2\/pages\/5964"}],"wp:featuredmedia":[{"embeddable":true,"href":"https:\/\/www.vocalegalglobal.com\/de\/wp-json\/wp\/v2\/media\/4559"}],"wp:attachment":[{"href":"https:\/\/www.vocalegalglobal.com\/de\/wp-json\/wp\/v2\/media?parent=6004"}],"curies":[{"name":"wp","href":"https:\/\/api.w.org\/{rel}","templated":true}]}}