{"id":6112,"date":"2022-10-05T18:11:04","date_gmt":"2022-10-05T17:11:04","guid":{"rendered":"https:\/\/www.vocalegalglobal.com\/litigation-and-arbitration-translation-services\/"},"modified":"2023-10-11T17:09:19","modified_gmt":"2023-10-11T16:09:19","slug":"uebersetzungsdienste-fuer-rechtsstreitigkeiten-und-schiedsgerichtsbarkeit","status":"publish","type":"page","link":"https:\/\/www.vocalegalglobal.com\/de\/expertise\/uebersetzungsdienste-fuer-rechtsstreitigkeiten-und-schiedsgerichtsbarkeit\/","title":{"rendered":"\u00dcbersetzungsdienste f\u00fcr Rechtsstreitigkeiten und Schiedsgerichtsbarkeit"},"content":{"rendered":"","protected":false},"excerpt":{"rendered":"","protected":false},"author":1,"featured_media":5375,"parent":6256,"menu_order":0,"comment_status":"closed","ping_status":"closed","template":"templates\/litigationandarbitration.php","meta":{"_acf_changed":false,"inline_featured_image":false,"_monsterinsights_skip_tracking":false,"_monsterinsights_sitenote_active":false,"_monsterinsights_sitenote_note":"","_monsterinsights_sitenote_category":0,"footnotes":""},"class_list":["post-6112","page","type-page","status-publish","has-post-thumbnail","hentry"],"acf":[],"yoast_head":"<!-- This site is optimized with the Yoast SEO Premium plugin v26.6 (Yoast SEO v26.6) - https:\/\/yoast.com\/wordpress\/plugins\/seo\/ -->\n<title>\u00dcbersetzungsdienste f\u00fcr Rechtsstreitigkeiten und Schiedsgerichtsbarkeit<\/title>\n<meta name=\"description\" content=\"Die \u00dcbersetzungsdienste f\u00fcr Rechtsstreitigkeiten von Vocalegal sind eine zuverl\u00e4ssige Erg\u00e4nzung deines juristischen Teams bei internationalen Streitigkeiten.\" \/>\n<meta name=\"robots\" content=\"index, follow, max-snippet:-1, max-image-preview:large, max-video-preview:-1\" \/>\n<link rel=\"canonical\" href=\"https:\/\/www.vocalegalglobal.com\/de\/expertise\/uebersetzungsdienste-fuer-rechtsstreitigkeiten-und-schiedsgerichtsbarkeit\/\" \/>\n<meta property=\"og:locale\" content=\"de_DE\" \/>\n<meta property=\"og:type\" content=\"article\" \/>\n<meta property=\"og:title\" content=\"\u00dcbersetzungsdienste f\u00fcr Rechtsstreitigkeiten und Schiedsgerichtsbarkeit\" \/>\n<meta property=\"og:description\" content=\"Die \u00dcbersetzungsdienste f\u00fcr Rechtsstreitigkeiten von Vocalegal sind eine zuverl\u00e4ssige Erg\u00e4nzung deines juristischen Teams bei internationalen Streitigkeiten.\" \/>\n<meta property=\"og:url\" content=\"https:\/\/www.vocalegalglobal.com\/de\/expertise\/uebersetzungsdienste-fuer-rechtsstreitigkeiten-und-schiedsgerichtsbarkeit\/\" \/>\n<meta property=\"og:site_name\" content=\"Legal Translation Services, London, UK | Vocalegal\" \/>\n<meta property=\"article:modified_time\" content=\"2023-10-11T16:09:19+00:00\" \/>\n<meta property=\"og:image\" content=\"https:\/\/www.vocalegalglobal.com\/wp-content\/uploads\/2023\/04\/34-Legally-trained-translators-for-every-stage-of-your-cross-border-dispute_Final.png\" \/>\n\t<meta property=\"og:image:width\" content=\"800\" \/>\n\t<meta property=\"og:image:height\" content=\"800\" \/>\n\t<meta property=\"og:image:type\" content=\"image\/png\" \/>\n<meta name=\"twitter:card\" content=\"summary_large_image\" \/>\n<meta name=\"twitter:site\" content=\"@vocalegal\" \/>\n<!-- \/ Yoast SEO Premium plugin. -->","yoast_head_json":{"title":"\u00dcbersetzungsdienste f\u00fcr Rechtsstreitigkeiten und Schiedsgerichtsbarkeit","description":"Die \u00dcbersetzungsdienste f\u00fcr Rechtsstreitigkeiten von Vocalegal sind eine zuverl\u00e4ssige Erg\u00e4nzung deines juristischen Teams bei internationalen Streitigkeiten.","robots":{"index":"index","follow":"follow","max-snippet":"max-snippet:-1","max-image-preview":"max-image-preview:large","max-video-preview":"max-video-preview:-1"},"canonical":"https:\/\/www.vocalegalglobal.com\/de\/expertise\/uebersetzungsdienste-fuer-rechtsstreitigkeiten-und-schiedsgerichtsbarkeit\/","og_locale":"de_DE","og_type":"article","og_title":"\u00dcbersetzungsdienste f\u00fcr Rechtsstreitigkeiten und Schiedsgerichtsbarkeit","og_description":"Die \u00dcbersetzungsdienste f\u00fcr Rechtsstreitigkeiten von Vocalegal sind eine zuverl\u00e4ssige Erg\u00e4nzung deines juristischen Teams bei internationalen Streitigkeiten.","og_url":"https:\/\/www.vocalegalglobal.com\/de\/expertise\/uebersetzungsdienste-fuer-rechtsstreitigkeiten-und-schiedsgerichtsbarkeit\/","og_site_name":"Legal Translation Services, London, UK | Vocalegal","article_modified_time":"2023-10-11T16:09:19+00:00","og_image":[{"width":800,"height":800,"url":"https:\/\/www.vocalegalglobal.com\/wp-content\/uploads\/2023\/04\/34-Legally-trained-translators-for-every-stage-of-your-cross-border-dispute_Final.png","type":"image\/png"}],"twitter_card":"summary_large_image","twitter_site":"@vocalegal","schema":{"@context":"https:\/\/schema.org","@graph":[{"@type":"WebPage","@id":"https:\/\/www.vocalegalglobal.com\/de\/expertise\/uebersetzungsdienste-fuer-rechtsstreitigkeiten-und-schiedsgerichtsbarkeit\/","url":"https:\/\/www.vocalegalglobal.com\/de\/expertise\/uebersetzungsdienste-fuer-rechtsstreitigkeiten-und-schiedsgerichtsbarkeit\/","name":"\u00dcbersetzungsdienste f\u00fcr Rechtsstreitigkeiten und Schiedsgerichtsbarkeit","isPartOf":{"@id":"https:\/\/www.vocalegalglobal.com\/de\/#website"},"primaryImageOfPage":{"@id":"https:\/\/www.vocalegalglobal.com\/de\/expertise\/uebersetzungsdienste-fuer-rechtsstreitigkeiten-und-schiedsgerichtsbarkeit\/#primaryimage"},"image":{"@id":"https:\/\/www.vocalegalglobal.com\/de\/expertise\/uebersetzungsdienste-fuer-rechtsstreitigkeiten-und-schiedsgerichtsbarkeit\/#primaryimage"},"thumbnailUrl":"https:\/\/www.vocalegalglobal.com\/wp-content\/uploads\/2023\/04\/34-Legally-trained-translators-for-every-stage-of-your-cross-border-dispute_Final.png","datePublished":"2022-10-05T17:11:04+00:00","dateModified":"2023-10-11T16:09:19+00:00","description":"Die \u00dcbersetzungsdienste f\u00fcr Rechtsstreitigkeiten von Vocalegal sind eine zuverl\u00e4ssige Erg\u00e4nzung deines juristischen Teams bei internationalen Streitigkeiten.","breadcrumb":{"@id":"https:\/\/www.vocalegalglobal.com\/de\/expertise\/uebersetzungsdienste-fuer-rechtsstreitigkeiten-und-schiedsgerichtsbarkeit\/#breadcrumb"},"inLanguage":"de","potentialAction":[{"@type":"ReadAction","target":["https:\/\/www.vocalegalglobal.com\/de\/expertise\/uebersetzungsdienste-fuer-rechtsstreitigkeiten-und-schiedsgerichtsbarkeit\/"]}]},{"@type":"ImageObject","inLanguage":"de","@id":"https:\/\/www.vocalegalglobal.com\/de\/expertise\/uebersetzungsdienste-fuer-rechtsstreitigkeiten-und-schiedsgerichtsbarkeit\/#primaryimage","url":"https:\/\/www.vocalegalglobal.com\/wp-content\/uploads\/2023\/04\/34-Legally-trained-translators-for-every-stage-of-your-cross-border-dispute_Final.png","contentUrl":"https:\/\/www.vocalegalglobal.com\/wp-content\/uploads\/2023\/04\/34-Legally-trained-translators-for-every-stage-of-your-cross-border-dispute_Final.png","width":800,"height":800},{"@type":"BreadcrumbList","@id":"https:\/\/www.vocalegalglobal.com\/de\/expertise\/uebersetzungsdienste-fuer-rechtsstreitigkeiten-und-schiedsgerichtsbarkeit\/#breadcrumb","itemListElement":[{"@type":"ListItem","position":1,"name":"Startseite","item":"https:\/\/www.vocalegalglobal.com\/de\/"},{"@type":"ListItem","position":2,"name":"Professionelle \u00dcbersetzungsdienste","item":"https:\/\/www.vocalegalglobal.com\/de\/expertise\/"},{"@type":"ListItem","position":3,"name":"\u00dcbersetzungsdienste f\u00fcr Rechtsstreitigkeiten und Schiedsgerichtsbarkeit"}]},{"@type":"WebSite","@id":"https:\/\/www.vocalegalglobal.com\/de\/#website","url":"https:\/\/www.vocalegalglobal.com\/de\/","name":"Legal Translation Services, London, UK | Vocalegal","description":"","publisher":{"@id":"https:\/\/www.vocalegalglobal.com\/de\/#organization"},"potentialAction":[{"@type":"SearchAction","target":{"@type":"EntryPoint","urlTemplate":"https:\/\/www.vocalegalglobal.com\/de\/?s={search_term_string}"},"query-input":{"@type":"PropertyValueSpecification","valueRequired":true,"valueName":"search_term_string"}}],"inLanguage":"de"},{"@type":"Organization","@id":"https:\/\/www.vocalegalglobal.com\/de\/#organization","name":"Vocalegal Translation Services","url":"https:\/\/www.vocalegalglobal.com\/de\/","logo":{"@type":"ImageObject","inLanguage":"de","@id":"https:\/\/www.vocalegalglobal.com\/de\/#\/schema\/logo\/image\/","url":"https:\/\/www.vocalegalglobal.com\/wp-content\/uploads\/2023\/01\/Vocalegal-removebg-preview.png","contentUrl":"https:\/\/www.vocalegalglobal.com\/wp-content\/uploads\/2023\/01\/Vocalegal-removebg-preview.png","width":954,"height":166,"caption":"Vocalegal Translation Services"},"image":{"@id":"https:\/\/www.vocalegalglobal.com\/de\/#\/schema\/logo\/image\/"},"sameAs":["https:\/\/x.com\/vocalegal","https:\/\/www.linkedin.com\/company\/vocalegal\/"]}]}},"_links":{"self":[{"href":"https:\/\/www.vocalegalglobal.com\/de\/wp-json\/wp\/v2\/pages\/6112","targetHints":{"allow":["GET"]}}],"collection":[{"href":"https:\/\/www.vocalegalglobal.com\/de\/wp-json\/wp\/v2\/pages"}],"about":[{"href":"https:\/\/www.vocalegalglobal.com\/de\/wp-json\/wp\/v2\/types\/page"}],"author":[{"embeddable":true,"href":"https:\/\/www.vocalegalglobal.com\/de\/wp-json\/wp\/v2\/users\/1"}],"replies":[{"embeddable":true,"href":"https:\/\/www.vocalegalglobal.com\/de\/wp-json\/wp\/v2\/comments?post=6112"}],"version-history":[{"count":6,"href":"https:\/\/www.vocalegalglobal.com\/de\/wp-json\/wp\/v2\/pages\/6112\/revisions"}],"predecessor-version":[{"id":9382,"href":"https:\/\/www.vocalegalglobal.com\/de\/wp-json\/wp\/v2\/pages\/6112\/revisions\/9382"}],"up":[{"embeddable":true,"href":"https:\/\/www.vocalegalglobal.com\/de\/wp-json\/wp\/v2\/pages\/6256"}],"wp:featuredmedia":[{"embeddable":true,"href":"https:\/\/www.vocalegalglobal.com\/de\/wp-json\/wp\/v2\/media\/5375"}],"wp:attachment":[{"href":"https:\/\/www.vocalegalglobal.com\/de\/wp-json\/wp\/v2\/media?parent=6112"}],"curies":[{"name":"wp","href":"https:\/\/api.w.org\/{rel}","templated":true}]}}