{"id":6380,"date":"2022-09-29T17:23:24","date_gmt":"2022-09-29T16:23:24","guid":{"rendered":"https:\/\/www.vocalegalglobal.com\/ueber\/our-expertise\/"},"modified":"2023-09-11T11:18:35","modified_gmt":"2023-09-11T10:18:35","slug":"unser-fachwissen","status":"publish","type":"page","link":"https:\/\/www.vocalegalglobal.com\/de\/ueber\/unser-fachwissen\/","title":{"rendered":"Unser Fachwissen"},"content":{"rendered":"","protected":false},"excerpt":{"rendered":"","protected":false},"author":1,"featured_media":4269,"parent":6369,"menu_order":0,"comment_status":"closed","ping_status":"closed","template":"templates\/ourexpertise.php","meta":{"_acf_changed":false,"inline_featured_image":false,"_monsterinsights_skip_tracking":false,"_monsterinsights_sitenote_active":false,"_monsterinsights_sitenote_note":"","_monsterinsights_sitenote_category":0,"footnotes":""},"class_list":["post-6380","page","type-page","status-publish","has-post-thumbnail","hentry"],"acf":[],"yoast_head":"<!-- This site is optimized with the Yoast SEO Premium plugin v26.6 (Yoast SEO v26.6) - https:\/\/yoast.com\/wordpress\/plugins\/seo\/ -->\n<title>Vocalegal juristische \u00dcbersetzungsdienste<\/title>\n<meta name=\"description\" content=\"Vocalegal ist ein \u00dcbersetzungsdienst in London, der gro\u00dfe Mengen von Dokumenten innerhalb kurzer Zeit \u00fcbersetzt. 24 Stunden Bearbeitungszeit verf\u00fcgbar.\" \/>\n<meta name=\"robots\" content=\"index, follow, max-snippet:-1, max-image-preview:large, max-video-preview:-1\" \/>\n<link rel=\"canonical\" href=\"https:\/\/www.vocalegalglobal.com\/de\/ueber\/unser-fachwissen\/\" \/>\n<meta property=\"og:locale\" content=\"de_DE\" \/>\n<meta property=\"og:type\" content=\"article\" \/>\n<meta property=\"og:title\" content=\"Unser Fachwissen\" \/>\n<meta property=\"og:description\" content=\"Vocalegal ist ein \u00dcbersetzungsdienst in London, der gro\u00dfe Mengen von Dokumenten innerhalb kurzer Zeit \u00fcbersetzt. 24 Stunden Bearbeitungszeit verf\u00fcgbar.\" \/>\n<meta property=\"og:url\" content=\"https:\/\/www.vocalegalglobal.com\/de\/ueber\/unser-fachwissen\/\" \/>\n<meta property=\"og:site_name\" content=\"Legal Translation Services, London, UK | Vocalegal\" \/>\n<meta property=\"article:modified_time\" content=\"2023-09-11T10:18:35+00:00\" \/>\n<meta property=\"og:image\" content=\"https:\/\/www.vocalegalglobal.com\/wp-content\/uploads\/2022\/10\/Rectangle-Copy-7.jpg\" \/>\n\t<meta property=\"og:image:width\" content=\"1440\" \/>\n\t<meta property=\"og:image:height\" content=\"320\" \/>\n\t<meta property=\"og:image:type\" content=\"image\/jpeg\" \/>\n<meta name=\"twitter:card\" content=\"summary_large_image\" \/>\n<meta name=\"twitter:site\" content=\"@vocalegal\" \/>\n<!-- \/ Yoast SEO Premium plugin. -->","yoast_head_json":{"title":"Vocalegal juristische \u00dcbersetzungsdienste","description":"Vocalegal ist ein \u00dcbersetzungsdienst in London, der gro\u00dfe Mengen von Dokumenten innerhalb kurzer Zeit \u00fcbersetzt. 24 Stunden Bearbeitungszeit verf\u00fcgbar.","robots":{"index":"index","follow":"follow","max-snippet":"max-snippet:-1","max-image-preview":"max-image-preview:large","max-video-preview":"max-video-preview:-1"},"canonical":"https:\/\/www.vocalegalglobal.com\/de\/ueber\/unser-fachwissen\/","og_locale":"de_DE","og_type":"article","og_title":"Unser Fachwissen","og_description":"Vocalegal ist ein \u00dcbersetzungsdienst in London, der gro\u00dfe Mengen von Dokumenten innerhalb kurzer Zeit \u00fcbersetzt. 24 Stunden Bearbeitungszeit verf\u00fcgbar.","og_url":"https:\/\/www.vocalegalglobal.com\/de\/ueber\/unser-fachwissen\/","og_site_name":"Legal Translation Services, London, UK | Vocalegal","article_modified_time":"2023-09-11T10:18:35+00:00","og_image":[{"width":1440,"height":320,"url":"https:\/\/www.vocalegalglobal.com\/wp-content\/uploads\/2022\/10\/Rectangle-Copy-7.jpg","type":"image\/jpeg"}],"twitter_card":"summary_large_image","twitter_site":"@vocalegal","schema":{"@context":"https:\/\/schema.org","@graph":[{"@type":"WebPage","@id":"https:\/\/www.vocalegalglobal.com\/de\/ueber\/unser-fachwissen\/","url":"https:\/\/www.vocalegalglobal.com\/de\/ueber\/unser-fachwissen\/","name":"Vocalegal juristische \u00dcbersetzungsdienste","isPartOf":{"@id":"https:\/\/www.vocalegalglobal.com\/de\/#website"},"primaryImageOfPage":{"@id":"https:\/\/www.vocalegalglobal.com\/de\/ueber\/unser-fachwissen\/#primaryimage"},"image":{"@id":"https:\/\/www.vocalegalglobal.com\/de\/ueber\/unser-fachwissen\/#primaryimage"},"thumbnailUrl":"https:\/\/www.vocalegalglobal.com\/wp-content\/uploads\/2022\/10\/Rectangle-Copy-7.jpg","datePublished":"2022-09-29T16:23:24+00:00","dateModified":"2023-09-11T10:18:35+00:00","description":"Vocalegal ist ein \u00dcbersetzungsdienst in London, der gro\u00dfe Mengen von Dokumenten innerhalb kurzer Zeit \u00fcbersetzt. 24 Stunden Bearbeitungszeit verf\u00fcgbar.","breadcrumb":{"@id":"https:\/\/www.vocalegalglobal.com\/de\/ueber\/unser-fachwissen\/#breadcrumb"},"inLanguage":"de","potentialAction":[{"@type":"ReadAction","target":["https:\/\/www.vocalegalglobal.com\/de\/ueber\/unser-fachwissen\/"]}]},{"@type":"ImageObject","inLanguage":"de","@id":"https:\/\/www.vocalegalglobal.com\/de\/ueber\/unser-fachwissen\/#primaryimage","url":"https:\/\/www.vocalegalglobal.com\/wp-content\/uploads\/2022\/10\/Rectangle-Copy-7.jpg","contentUrl":"https:\/\/www.vocalegalglobal.com\/wp-content\/uploads\/2022\/10\/Rectangle-Copy-7.jpg","width":1440,"height":320,"caption":"Rectangle Copy 7"},{"@type":"BreadcrumbList","@id":"https:\/\/www.vocalegalglobal.com\/de\/ueber\/unser-fachwissen\/#breadcrumb","itemListElement":[{"@type":"ListItem","position":1,"name":"Startseite","item":"https:\/\/www.vocalegalglobal.com\/de\/"},{"@type":"ListItem","position":2,"name":"Wer wir sind","item":"https:\/\/www.vocalegalglobal.com\/de\/about\/"},{"@type":"ListItem","position":3,"name":"Unser Fachwissen"}]},{"@type":"WebSite","@id":"https:\/\/www.vocalegalglobal.com\/de\/#website","url":"https:\/\/www.vocalegalglobal.com\/de\/","name":"Legal Translation Services, London, UK | Vocalegal","description":"","publisher":{"@id":"https:\/\/www.vocalegalglobal.com\/de\/#organization"},"potentialAction":[{"@type":"SearchAction","target":{"@type":"EntryPoint","urlTemplate":"https:\/\/www.vocalegalglobal.com\/de\/?s={search_term_string}"},"query-input":{"@type":"PropertyValueSpecification","valueRequired":true,"valueName":"search_term_string"}}],"inLanguage":"de"},{"@type":"Organization","@id":"https:\/\/www.vocalegalglobal.com\/de\/#organization","name":"Vocalegal Translation Services","url":"https:\/\/www.vocalegalglobal.com\/de\/","logo":{"@type":"ImageObject","inLanguage":"de","@id":"https:\/\/www.vocalegalglobal.com\/de\/#\/schema\/logo\/image\/","url":"https:\/\/www.vocalegalglobal.com\/wp-content\/uploads\/2023\/01\/Vocalegal-removebg-preview.png","contentUrl":"https:\/\/www.vocalegalglobal.com\/wp-content\/uploads\/2023\/01\/Vocalegal-removebg-preview.png","width":954,"height":166,"caption":"Vocalegal Translation Services"},"image":{"@id":"https:\/\/www.vocalegalglobal.com\/de\/#\/schema\/logo\/image\/"},"sameAs":["https:\/\/x.com\/vocalegal","https:\/\/www.linkedin.com\/company\/vocalegal\/"]}]}},"_links":{"self":[{"href":"https:\/\/www.vocalegalglobal.com\/de\/wp-json\/wp\/v2\/pages\/6380","targetHints":{"allow":["GET"]}}],"collection":[{"href":"https:\/\/www.vocalegalglobal.com\/de\/wp-json\/wp\/v2\/pages"}],"about":[{"href":"https:\/\/www.vocalegalglobal.com\/de\/wp-json\/wp\/v2\/types\/page"}],"author":[{"embeddable":true,"href":"https:\/\/www.vocalegalglobal.com\/de\/wp-json\/wp\/v2\/users\/1"}],"replies":[{"embeddable":true,"href":"https:\/\/www.vocalegalglobal.com\/de\/wp-json\/wp\/v2\/comments?post=6380"}],"version-history":[{"count":4,"href":"https:\/\/www.vocalegalglobal.com\/de\/wp-json\/wp\/v2\/pages\/6380\/revisions"}],"predecessor-version":[{"id":8869,"href":"https:\/\/www.vocalegalglobal.com\/de\/wp-json\/wp\/v2\/pages\/6380\/revisions\/8869"}],"up":[{"embeddable":true,"href":"https:\/\/www.vocalegalglobal.com\/de\/wp-json\/wp\/v2\/pages\/6369"}],"wp:featuredmedia":[{"embeddable":true,"href":"https:\/\/www.vocalegalglobal.com\/de\/wp-json\/wp\/v2\/media\/4269"}],"wp:attachment":[{"href":"https:\/\/www.vocalegalglobal.com\/de\/wp-json\/wp\/v2\/media?parent=6380"}],"curies":[{"name":"wp","href":"https:\/\/api.w.org\/{rel}","templated":true}]}}