{"id":10986,"date":"2024-02-12T12:51:49","date_gmt":"2024-02-12T12:51:49","guid":{"rendered":"https:\/\/www.vocalegalglobal.com\/?page_id=10986"},"modified":"2024-02-12T12:51:57","modified_gmt":"2024-02-12T12:51:57","slug":"servicos-de-traducao-urgente-2","status":"publish","type":"page","link":"https:\/\/www.vocalegalglobal.com\/pt-pt\/servicos-de-traducao-urgente-2\/","title":{"rendered":"Servi\u00e7os de tradu\u00e7\u00e3o urgente"},"content":{"rendered":"","protected":false},"excerpt":{"rendered":"","protected":false},"author":18,"featured_media":5995,"parent":0,"menu_order":0,"comment_status":"closed","ping_status":"closed","template":"templates\/urgent-translation-new.php","meta":{"_acf_changed":false,"inline_featured_image":false,"_monsterinsights_skip_tracking":false,"_monsterinsights_sitenote_active":false,"_monsterinsights_sitenote_note":"","_monsterinsights_sitenote_category":0,"footnotes":""},"class_list":["post-10986","page","type-page","status-publish","has-post-thumbnail","hentry"],"acf":[],"yoast_head":"<!-- This site is optimized with the Yoast SEO Premium plugin v26.6 (Yoast SEO v26.6) - https:\/\/yoast.com\/wordpress\/plugins\/seo\/ -->\n<title>Urgent Translation Services | Fast Turnaround | Vocalegal Global<\/title>\n<meta name=\"description\" content=\"Need translations in as little as 5 hours? We offer urgent translation services with a 24-hour turnaround. Accuracy and quality guaranteed!\" \/>\n<meta name=\"robots\" content=\"noindex, nofollow\" \/>\n<meta property=\"og:locale\" content=\"pt_PT\" \/>\n<meta property=\"og:type\" content=\"article\" \/>\n<meta property=\"og:title\" content=\"Servi\u00e7os de tradu\u00e7\u00e3o urgente\" \/>\n<meta property=\"og:description\" content=\"Need translations in as little as 5 hours? We offer urgent translation services with a 24-hour turnaround. Accuracy and quality guaranteed!\" \/>\n<meta property=\"og:url\" content=\"https:\/\/www.vocalegalglobal.com\/pt-pt\/servicos-de-traducao-urgente-2\/\" \/>\n<meta property=\"og:site_name\" content=\"Legal Translation Services, London, UK | Vocalegal\" \/>\n<meta property=\"article:modified_time\" content=\"2024-02-12T12:51:57+00:00\" \/>\n<meta property=\"og:image\" content=\"https:\/\/www.vocalegalglobal.com\/wp-content\/uploads\/2023\/03\/13-Urgent-Translation-Services.png\" \/>\n\t<meta property=\"og:image:width\" content=\"800\" \/>\n\t<meta property=\"og:image:height\" content=\"800\" \/>\n\t<meta property=\"og:image:type\" content=\"image\/png\" \/>\n<meta name=\"twitter:card\" content=\"summary_large_image\" \/>\n<meta name=\"twitter:site\" content=\"@vocalegal\" \/>\n<!-- \/ Yoast SEO Premium plugin. -->","yoast_head_json":{"title":"Urgent Translation Services | Fast Turnaround | Vocalegal Global","description":"Need translations in as little as 5 hours? We offer urgent translation services with a 24-hour turnaround. Accuracy and quality guaranteed!","robots":{"index":"noindex","follow":"nofollow"},"og_locale":"pt_PT","og_type":"article","og_title":"Servi\u00e7os de tradu\u00e7\u00e3o urgente","og_description":"Need translations in as little as 5 hours? We offer urgent translation services with a 24-hour turnaround. Accuracy and quality guaranteed!","og_url":"https:\/\/www.vocalegalglobal.com\/pt-pt\/servicos-de-traducao-urgente-2\/","og_site_name":"Legal Translation Services, London, UK | Vocalegal","article_modified_time":"2024-02-12T12:51:57+00:00","og_image":[{"width":800,"height":800,"url":"https:\/\/www.vocalegalglobal.com\/wp-content\/uploads\/2023\/03\/13-Urgent-Translation-Services.png","type":"image\/png"}],"twitter_card":"summary_large_image","twitter_site":"@vocalegal","schema":{"@context":"https:\/\/schema.org","@graph":[{"@type":"WebPage","@id":"https:\/\/www.vocalegalglobal.com\/pt-pt\/servicos-de-traducao-urgente-2\/","url":"https:\/\/www.vocalegalglobal.com\/pt-pt\/servicos-de-traducao-urgente-2\/","name":"Urgent Translation Services | Fast Turnaround | Vocalegal Global","isPartOf":{"@id":"https:\/\/www.vocalegalglobal.com\/pt-pt\/#website"},"primaryImageOfPage":{"@id":"https:\/\/www.vocalegalglobal.com\/pt-pt\/servicos-de-traducao-urgente-2\/#primaryimage"},"image":{"@id":"https:\/\/www.vocalegalglobal.com\/pt-pt\/servicos-de-traducao-urgente-2\/#primaryimage"},"thumbnailUrl":"https:\/\/www.vocalegalglobal.com\/wp-content\/uploads\/2023\/03\/13-Urgent-Translation-Services.png","datePublished":"2024-02-12T12:51:49+00:00","dateModified":"2024-02-12T12:51:57+00:00","description":"Need translations in as little as 5 hours? We offer urgent translation services with a 24-hour turnaround. Accuracy and quality guaranteed!","breadcrumb":{"@id":"https:\/\/www.vocalegalglobal.com\/pt-pt\/servicos-de-traducao-urgente-2\/#breadcrumb"},"inLanguage":"pt-PT","potentialAction":[{"@type":"ReadAction","target":["https:\/\/www.vocalegalglobal.com\/pt-pt\/servicos-de-traducao-urgente-2\/"]}]},{"@type":"ImageObject","inLanguage":"pt-PT","@id":"https:\/\/www.vocalegalglobal.com\/pt-pt\/servicos-de-traducao-urgente-2\/#primaryimage","url":"https:\/\/www.vocalegalglobal.com\/wp-content\/uploads\/2023\/03\/13-Urgent-Translation-Services.png","contentUrl":"https:\/\/www.vocalegalglobal.com\/wp-content\/uploads\/2023\/03\/13-Urgent-Translation-Services.png","width":800,"height":800,"caption":"urgent-translation-services providing quick turnaround solutions"},{"@type":"BreadcrumbList","@id":"https:\/\/www.vocalegalglobal.com\/pt-pt\/servicos-de-traducao-urgente-2\/#breadcrumb","itemListElement":[{"@type":"ListItem","position":1,"name":"In\u00edcio","item":"https:\/\/www.vocalegalglobal.com\/pt-pt\/"},{"@type":"ListItem","position":2,"name":"Servi\u00e7os de tradu\u00e7\u00e3o profissional","item":"https:\/\/www.vocalegalglobal.com\/pt-pt\/servicos-de-traducao-profissional\/"},{"@type":"ListItem","position":3,"name":"Servi\u00e7os de tradu\u00e7\u00e3o urgente"}]},{"@type":"WebSite","@id":"https:\/\/www.vocalegalglobal.com\/pt-pt\/#website","url":"https:\/\/www.vocalegalglobal.com\/pt-pt\/","name":"Legal Translation Services, London, UK | Vocalegal","description":"","publisher":{"@id":"https:\/\/www.vocalegalglobal.com\/pt-pt\/#organization"},"potentialAction":[{"@type":"SearchAction","target":{"@type":"EntryPoint","urlTemplate":"https:\/\/www.vocalegalglobal.com\/pt-pt\/?s={search_term_string}"},"query-input":{"@type":"PropertyValueSpecification","valueRequired":true,"valueName":"search_term_string"}}],"inLanguage":"pt-PT"},{"@type":"Organization","@id":"https:\/\/www.vocalegalglobal.com\/pt-pt\/#organization","name":"Vocalegal Translation Services","url":"https:\/\/www.vocalegalglobal.com\/pt-pt\/","logo":{"@type":"ImageObject","inLanguage":"pt-PT","@id":"https:\/\/www.vocalegalglobal.com\/pt-pt\/#\/schema\/logo\/image\/","url":"https:\/\/www.vocalegalglobal.com\/wp-content\/uploads\/2023\/01\/Vocalegal-removebg-preview.png","contentUrl":"https:\/\/www.vocalegalglobal.com\/wp-content\/uploads\/2023\/01\/Vocalegal-removebg-preview.png","width":954,"height":166,"caption":"Vocalegal Translation Services"},"image":{"@id":"https:\/\/www.vocalegalglobal.com\/pt-pt\/#\/schema\/logo\/image\/"},"sameAs":["https:\/\/x.com\/vocalegal","https:\/\/www.linkedin.com\/company\/vocalegal\/"]}]}},"_links":{"self":[{"href":"https:\/\/www.vocalegalglobal.com\/pt-pt\/wp-json\/wp\/v2\/pages\/10986","targetHints":{"allow":["GET"]}}],"collection":[{"href":"https:\/\/www.vocalegalglobal.com\/pt-pt\/wp-json\/wp\/v2\/pages"}],"about":[{"href":"https:\/\/www.vocalegalglobal.com\/pt-pt\/wp-json\/wp\/v2\/types\/page"}],"author":[{"embeddable":true,"href":"https:\/\/www.vocalegalglobal.com\/pt-pt\/wp-json\/wp\/v2\/users\/18"}],"replies":[{"embeddable":true,"href":"https:\/\/www.vocalegalglobal.com\/pt-pt\/wp-json\/wp\/v2\/comments?post=10986"}],"version-history":[{"count":1,"href":"https:\/\/www.vocalegalglobal.com\/pt-pt\/wp-json\/wp\/v2\/pages\/10986\/revisions"}],"predecessor-version":[{"id":10992,"href":"https:\/\/www.vocalegalglobal.com\/pt-pt\/wp-json\/wp\/v2\/pages\/10986\/revisions\/10992"}],"wp:featuredmedia":[{"embeddable":true,"href":"https:\/\/www.vocalegalglobal.com\/pt-pt\/wp-json\/wp\/v2\/media\/5995"}],"wp:attachment":[{"href":"https:\/\/www.vocalegalglobal.com\/pt-pt\/wp-json\/wp\/v2\/media?parent=10986"}],"curies":[{"name":"wp","href":"https:\/\/api.w.org\/{rel}","templated":true}]}}