{"id":11320,"date":"2024-04-30T16:15:52","date_gmt":"2024-04-30T15:15:52","guid":{"rendered":"https:\/\/www.vocalegalglobal.com\/?page_id=11320"},"modified":"2024-04-30T16:15:58","modified_gmt":"2024-04-30T15:15:58","slug":"servicos-de-traducao-no-dominio-do-anti-trust-e-da-concorrencia-3","status":"publish","type":"page","link":"https:\/\/www.vocalegalglobal.com\/pt-pt\/competencia\/servicos-de-traducao-no-dominio-do-anti-trust-e-da-concorrencia-3\/","title":{"rendered":"Servi\u00e7os de tradu\u00e7\u00e3o no dom\u00ednio do anti-trust e da concorr\u00eancia"},"content":{"rendered":"","protected":false},"excerpt":{"rendered":"","protected":false},"author":18,"featured_media":6292,"parent":6257,"menu_order":0,"comment_status":"closed","ping_status":"closed","template":"templates\/antitrustandcompetition.php","meta":{"_acf_changed":false,"inline_featured_image":false,"_monsterinsights_skip_tracking":false,"_monsterinsights_sitenote_active":false,"_monsterinsights_sitenote_note":"","_monsterinsights_sitenote_category":0,"footnotes":""},"class_list":["post-11320","page","type-page","status-publish","has-post-thumbnail","hentry"],"acf":[],"yoast_head":"<!-- This site is optimized with the Yoast SEO Premium plugin v26.6 (Yoast SEO v26.6) - https:\/\/yoast.com\/wordpress\/plugins\/seo\/ -->\n<title>Antitrust and Competition Translations | Vocalegal<\/title>\n<meta name=\"description\" content=\"Antitrust and Competition Translations for CMA investigations, merger control and competition litigation with subject level experts.\" \/>\n<meta name=\"robots\" content=\"index, follow, max-snippet:-1, max-image-preview:large, max-video-preview:-1\" \/>\n<link rel=\"canonical\" href=\"https:\/\/www.vocalegalglobal.com\/pt-pt\/competencia\/servicos-de-traducao-no-dominio-do-anti-trust-e-da-concorrencia-3\/\" \/>\n<meta property=\"og:locale\" content=\"pt_PT\" \/>\n<meta property=\"og:type\" content=\"article\" \/>\n<meta property=\"og:title\" content=\"Servi\u00e7os de tradu\u00e7\u00e3o no dom\u00ednio do anti-trust e da concorr\u00eancia\" \/>\n<meta property=\"og:description\" content=\"Antitrust and Competition Translations for CMA investigations, merger control and competition litigation with subject level experts.\" \/>\n<meta property=\"og:url\" content=\"https:\/\/www.vocalegalglobal.com\/pt-pt\/competencia\/servicos-de-traducao-no-dominio-do-anti-trust-e-da-concorrencia-3\/\" \/>\n<meta property=\"og:site_name\" content=\"Legal Translation Services, London, UK | Vocalegal\" \/>\n<meta property=\"article:modified_time\" content=\"2024-04-30T15:15:58+00:00\" \/>\n<meta property=\"og:image\" content=\"https:\/\/www.vocalegalglobal.com\/wp-content\/uploads\/2023\/05\/70-CLA1-1.png\" \/>\n\t<meta property=\"og:image:width\" content=\"800\" \/>\n\t<meta property=\"og:image:height\" content=\"800\" \/>\n\t<meta property=\"og:image:type\" content=\"image\/png\" \/>\n<meta name=\"twitter:card\" content=\"summary_large_image\" \/>\n<meta name=\"twitter:site\" content=\"@vocalegal\" \/>\n<!-- \/ Yoast SEO Premium plugin. -->","yoast_head_json":{"title":"Antitrust and Competition Translations | Vocalegal","description":"Antitrust and Competition Translations for CMA investigations, merger control and competition litigation with subject level experts.","robots":{"index":"index","follow":"follow","max-snippet":"max-snippet:-1","max-image-preview":"max-image-preview:large","max-video-preview":"max-video-preview:-1"},"canonical":"https:\/\/www.vocalegalglobal.com\/pt-pt\/competencia\/servicos-de-traducao-no-dominio-do-anti-trust-e-da-concorrencia-3\/","og_locale":"pt_PT","og_type":"article","og_title":"Servi\u00e7os de tradu\u00e7\u00e3o no dom\u00ednio do anti-trust e da concorr\u00eancia","og_description":"Antitrust and Competition Translations for CMA investigations, merger control and competition litigation with subject level experts.","og_url":"https:\/\/www.vocalegalglobal.com\/pt-pt\/competencia\/servicos-de-traducao-no-dominio-do-anti-trust-e-da-concorrencia-3\/","og_site_name":"Legal Translation Services, London, UK | Vocalegal","article_modified_time":"2024-04-30T15:15:58+00:00","og_image":[{"width":800,"height":800,"url":"https:\/\/www.vocalegalglobal.com\/wp-content\/uploads\/2023\/05\/70-CLA1-1.png","type":"image\/png"}],"twitter_card":"summary_large_image","twitter_site":"@vocalegal","schema":{"@context":"https:\/\/schema.org","@graph":[{"@type":"WebPage","@id":"https:\/\/www.vocalegalglobal.com\/pt-pt\/competencia\/servicos-de-traducao-no-dominio-do-anti-trust-e-da-concorrencia-3\/","url":"https:\/\/www.vocalegalglobal.com\/pt-pt\/competencia\/servicos-de-traducao-no-dominio-do-anti-trust-e-da-concorrencia-3\/","name":"Antitrust and Competition Translations | Vocalegal","isPartOf":{"@id":"https:\/\/www.vocalegalglobal.com\/pt-pt\/#website"},"primaryImageOfPage":{"@id":"https:\/\/www.vocalegalglobal.com\/pt-pt\/competencia\/servicos-de-traducao-no-dominio-do-anti-trust-e-da-concorrencia-3\/#primaryimage"},"image":{"@id":"https:\/\/www.vocalegalglobal.com\/pt-pt\/competencia\/servicos-de-traducao-no-dominio-do-anti-trust-e-da-concorrencia-3\/#primaryimage"},"thumbnailUrl":"https:\/\/www.vocalegalglobal.com\/wp-content\/uploads\/2023\/05\/70-CLA1-1.png","datePublished":"2024-04-30T15:15:52+00:00","dateModified":"2024-04-30T15:15:58+00:00","description":"Antitrust and Competition Translations for CMA investigations, merger control and competition litigation with subject level experts.","breadcrumb":{"@id":"https:\/\/www.vocalegalglobal.com\/pt-pt\/competencia\/servicos-de-traducao-no-dominio-do-anti-trust-e-da-concorrencia-3\/#breadcrumb"},"inLanguage":"pt-PT","potentialAction":[{"@type":"ReadAction","target":["https:\/\/www.vocalegalglobal.com\/pt-pt\/competencia\/servicos-de-traducao-no-dominio-do-anti-trust-e-da-concorrencia-3\/"]}]},{"@type":"ImageObject","inLanguage":"pt-PT","@id":"https:\/\/www.vocalegalglobal.com\/pt-pt\/competencia\/servicos-de-traducao-no-dominio-do-anti-trust-e-da-concorrencia-3\/#primaryimage","url":"https:\/\/www.vocalegalglobal.com\/wp-content\/uploads\/2023\/05\/70-CLA1-1.png","contentUrl":"https:\/\/www.vocalegalglobal.com\/wp-content\/uploads\/2023\/05\/70-CLA1-1.png","width":800,"height":800},{"@type":"BreadcrumbList","@id":"https:\/\/www.vocalegalglobal.com\/pt-pt\/competencia\/servicos-de-traducao-no-dominio-do-anti-trust-e-da-concorrencia-3\/#breadcrumb","itemListElement":[{"@type":"ListItem","position":1,"name":"In\u00edcio","item":"https:\/\/www.vocalegalglobal.com\/pt-pt\/"},{"@type":"ListItem","position":2,"name":"Servi\u00e7os de tradu\u00e7\u00e3o jur\u00eddica","item":"https:\/\/www.vocalegalglobal.com\/pt-pt\/expertise\/"},{"@type":"ListItem","position":3,"name":"Servi\u00e7os de tradu\u00e7\u00e3o no dom\u00ednio do anti-trust e da concorr\u00eancia"}]},{"@type":"WebSite","@id":"https:\/\/www.vocalegalglobal.com\/pt-pt\/#website","url":"https:\/\/www.vocalegalglobal.com\/pt-pt\/","name":"Legal Translation Services, London, UK | Vocalegal","description":"","publisher":{"@id":"https:\/\/www.vocalegalglobal.com\/pt-pt\/#organization"},"potentialAction":[{"@type":"SearchAction","target":{"@type":"EntryPoint","urlTemplate":"https:\/\/www.vocalegalglobal.com\/pt-pt\/?s={search_term_string}"},"query-input":{"@type":"PropertyValueSpecification","valueRequired":true,"valueName":"search_term_string"}}],"inLanguage":"pt-PT"},{"@type":"Organization","@id":"https:\/\/www.vocalegalglobal.com\/pt-pt\/#organization","name":"Vocalegal Translation Services","url":"https:\/\/www.vocalegalglobal.com\/pt-pt\/","logo":{"@type":"ImageObject","inLanguage":"pt-PT","@id":"https:\/\/www.vocalegalglobal.com\/pt-pt\/#\/schema\/logo\/image\/","url":"https:\/\/www.vocalegalglobal.com\/wp-content\/uploads\/2023\/01\/Vocalegal-removebg-preview.png","contentUrl":"https:\/\/www.vocalegalglobal.com\/wp-content\/uploads\/2023\/01\/Vocalegal-removebg-preview.png","width":954,"height":166,"caption":"Vocalegal Translation Services"},"image":{"@id":"https:\/\/www.vocalegalglobal.com\/pt-pt\/#\/schema\/logo\/image\/"},"sameAs":["https:\/\/x.com\/vocalegal","https:\/\/www.linkedin.com\/company\/vocalegal\/"]}]}},"_links":{"self":[{"href":"https:\/\/www.vocalegalglobal.com\/pt-pt\/wp-json\/wp\/v2\/pages\/11320","targetHints":{"allow":["GET"]}}],"collection":[{"href":"https:\/\/www.vocalegalglobal.com\/pt-pt\/wp-json\/wp\/v2\/pages"}],"about":[{"href":"https:\/\/www.vocalegalglobal.com\/pt-pt\/wp-json\/wp\/v2\/types\/page"}],"author":[{"embeddable":true,"href":"https:\/\/www.vocalegalglobal.com\/pt-pt\/wp-json\/wp\/v2\/users\/18"}],"replies":[{"embeddable":true,"href":"https:\/\/www.vocalegalglobal.com\/pt-pt\/wp-json\/wp\/v2\/comments?post=11320"}],"version-history":[{"count":1,"href":"https:\/\/www.vocalegalglobal.com\/pt-pt\/wp-json\/wp\/v2\/pages\/11320\/revisions"}],"predecessor-version":[{"id":11326,"href":"https:\/\/www.vocalegalglobal.com\/pt-pt\/wp-json\/wp\/v2\/pages\/11320\/revisions\/11326"}],"up":[{"embeddable":true,"href":"https:\/\/www.vocalegalglobal.com\/pt-pt\/wp-json\/wp\/v2\/pages\/6257"}],"wp:featuredmedia":[{"embeddable":true,"href":"https:\/\/www.vocalegalglobal.com\/pt-pt\/wp-json\/wp\/v2\/media\/6292"}],"wp:attachment":[{"href":"https:\/\/www.vocalegalglobal.com\/pt-pt\/wp-json\/wp\/v2\/media?parent=11320"}],"curies":[{"name":"wp","href":"https:\/\/api.w.org\/{rel}","templated":true}]}}