{"id":5965,"date":"2022-10-04T11:24:08","date_gmt":"2022-10-04T10:24:08","guid":{"rendered":"https:\/\/www.vocalegalglobal.com\/professional-translation-services\/"},"modified":"2023-11-14T09:49:34","modified_gmt":"2023-11-14T09:49:34","slug":"servicos-de-traducao-profissional","status":"publish","type":"page","link":"https:\/\/www.vocalegalglobal.com\/pt-pt\/servicos-de-traducao-profissional\/","title":{"rendered":"Servi\u00e7os de tradu\u00e7\u00e3o profissional"},"content":{"rendered":"","protected":false},"excerpt":{"rendered":"","protected":false},"author":1,"featured_media":5967,"parent":0,"menu_order":0,"comment_status":"closed","ping_status":"closed","template":"templates\/professional.php","meta":{"_acf_changed":false,"inline_featured_image":false,"_monsterinsights_skip_tracking":false,"_monsterinsights_sitenote_active":false,"_monsterinsights_sitenote_note":"","_monsterinsights_sitenote_category":0,"footnotes":""},"class_list":["post-5965","page","type-page","status-publish","has-post-thumbnail","hentry"],"acf":[],"yoast_head":"<!-- This site is optimized with the Yoast SEO Premium plugin v26.6 (Yoast SEO v26.6) - https:\/\/yoast.com\/wordpress\/plugins\/seo\/ -->\n<title>Professional Translation Services | Vocalegal Global<\/title>\n<meta name=\"description\" content=\"Experience top-tier professional translation services with Vocalegal. Ensure ISO17100 quality standards with our subject matter experts. Never miss a deadline with us!\" \/>\n<meta name=\"robots\" content=\"index, follow, max-snippet:-1, max-image-preview:large, max-video-preview:-1\" \/>\n<link rel=\"canonical\" href=\"https:\/\/www.vocalegalglobal.com\/pt-pt\/servicos-de-traducao-profissional\/\" \/>\n<meta property=\"og:locale\" content=\"pt_PT\" \/>\n<meta property=\"og:type\" content=\"article\" \/>\n<meta property=\"og:title\" content=\"Servi\u00e7os de tradu\u00e7\u00e3o profissional\" \/>\n<meta property=\"og:description\" content=\"Experience top-tier professional translation services with Vocalegal. Ensure ISO17100 quality standards with our subject matter experts. Never miss a deadline with us!\" \/>\n<meta property=\"og:url\" content=\"https:\/\/www.vocalegalglobal.com\/pt-pt\/servicos-de-traducao-profissional\/\" \/>\n<meta property=\"og:site_name\" content=\"Legal Translation Services, London, UK | Vocalegal\" \/>\n<meta property=\"article:modified_time\" content=\"2023-11-14T09:49:34+00:00\" \/>\n<meta property=\"og:image\" content=\"https:\/\/www.vocalegalglobal.com\/wp-content\/uploads\/2023\/02\/professional-fast-translation-services-scaled.webp\" \/>\n\t<meta property=\"og:image:width\" content=\"2560\" \/>\n\t<meta property=\"og:image:height\" content=\"2448\" \/>\n\t<meta property=\"og:image:type\" content=\"image\/webp\" \/>\n<meta name=\"twitter:card\" content=\"summary_large_image\" \/>\n<meta name=\"twitter:site\" content=\"@vocalegal\" \/>\n<!-- \/ Yoast SEO Premium plugin. -->","yoast_head_json":{"title":"Professional Translation Services | Vocalegal Global","description":"Experience top-tier professional translation services with Vocalegal. Ensure ISO17100 quality standards with our subject matter experts. Never miss a deadline with us!","robots":{"index":"index","follow":"follow","max-snippet":"max-snippet:-1","max-image-preview":"max-image-preview:large","max-video-preview":"max-video-preview:-1"},"canonical":"https:\/\/www.vocalegalglobal.com\/pt-pt\/servicos-de-traducao-profissional\/","og_locale":"pt_PT","og_type":"article","og_title":"Servi\u00e7os de tradu\u00e7\u00e3o profissional","og_description":"Experience top-tier professional translation services with Vocalegal. Ensure ISO17100 quality standards with our subject matter experts. Never miss a deadline with us!","og_url":"https:\/\/www.vocalegalglobal.com\/pt-pt\/servicos-de-traducao-profissional\/","og_site_name":"Legal Translation Services, London, UK | Vocalegal","article_modified_time":"2023-11-14T09:49:34+00:00","og_image":[{"width":2560,"height":2448,"url":"https:\/\/www.vocalegalglobal.com\/wp-content\/uploads\/2023\/02\/professional-fast-translation-services-scaled.webp","type":"image\/webp"}],"twitter_card":"summary_large_image","twitter_site":"@vocalegal","schema":{"@context":"https:\/\/schema.org","@graph":[{"@type":"WebPage","@id":"https:\/\/www.vocalegalglobal.com\/pt-pt\/servicos-de-traducao-profissional\/","url":"https:\/\/www.vocalegalglobal.com\/pt-pt\/servicos-de-traducao-profissional\/","name":"Professional Translation Services | Vocalegal Global","isPartOf":{"@id":"https:\/\/www.vocalegalglobal.com\/pt-pt\/#website"},"primaryImageOfPage":{"@id":"https:\/\/www.vocalegalglobal.com\/pt-pt\/servicos-de-traducao-profissional\/#primaryimage"},"image":{"@id":"https:\/\/www.vocalegalglobal.com\/pt-pt\/servicos-de-traducao-profissional\/#primaryimage"},"thumbnailUrl":"https:\/\/www.vocalegalglobal.com\/wp-content\/uploads\/2023\/02\/professional-fast-translation-services-scaled.webp","datePublished":"2022-10-04T10:24:08+00:00","dateModified":"2023-11-14T09:49:34+00:00","description":"Experience top-tier professional translation services with Vocalegal. Ensure ISO17100 quality standards with our subject matter experts. Never miss a deadline with us!","breadcrumb":{"@id":"https:\/\/www.vocalegalglobal.com\/pt-pt\/servicos-de-traducao-profissional\/#breadcrumb"},"inLanguage":"pt-PT","potentialAction":[{"@type":"ReadAction","target":["https:\/\/www.vocalegalglobal.com\/pt-pt\/servicos-de-traducao-profissional\/"]}]},{"@type":"ImageObject","inLanguage":"pt-PT","@id":"https:\/\/www.vocalegalglobal.com\/pt-pt\/servicos-de-traducao-profissional\/#primaryimage","url":"https:\/\/www.vocalegalglobal.com\/wp-content\/uploads\/2023\/02\/professional-fast-translation-services-scaled.webp","contentUrl":"https:\/\/www.vocalegalglobal.com\/wp-content\/uploads\/2023\/02\/professional-fast-translation-services-scaled.webp","width":2560,"height":2448},{"@type":"BreadcrumbList","@id":"https:\/\/www.vocalegalglobal.com\/pt-pt\/servicos-de-traducao-profissional\/#breadcrumb","itemListElement":[{"@type":"ListItem","position":1,"name":"In\u00edcio","item":"https:\/\/www.vocalegalglobal.com\/pt-pt\/"},{"@type":"ListItem","position":2,"name":"Servi\u00e7os de tradu\u00e7\u00e3o profissional"}]},{"@type":"WebSite","@id":"https:\/\/www.vocalegalglobal.com\/pt-pt\/#website","url":"https:\/\/www.vocalegalglobal.com\/pt-pt\/","name":"Legal Translation Services, London, UK | Vocalegal","description":"","publisher":{"@id":"https:\/\/www.vocalegalglobal.com\/pt-pt\/#organization"},"potentialAction":[{"@type":"SearchAction","target":{"@type":"EntryPoint","urlTemplate":"https:\/\/www.vocalegalglobal.com\/pt-pt\/?s={search_term_string}"},"query-input":{"@type":"PropertyValueSpecification","valueRequired":true,"valueName":"search_term_string"}}],"inLanguage":"pt-PT"},{"@type":"Organization","@id":"https:\/\/www.vocalegalglobal.com\/pt-pt\/#organization","name":"Vocalegal Translation Services","url":"https:\/\/www.vocalegalglobal.com\/pt-pt\/","logo":{"@type":"ImageObject","inLanguage":"pt-PT","@id":"https:\/\/www.vocalegalglobal.com\/pt-pt\/#\/schema\/logo\/image\/","url":"https:\/\/www.vocalegalglobal.com\/wp-content\/uploads\/2023\/01\/Vocalegal-removebg-preview.png","contentUrl":"https:\/\/www.vocalegalglobal.com\/wp-content\/uploads\/2023\/01\/Vocalegal-removebg-preview.png","width":954,"height":166,"caption":"Vocalegal Translation Services"},"image":{"@id":"https:\/\/www.vocalegalglobal.com\/pt-pt\/#\/schema\/logo\/image\/"},"sameAs":["https:\/\/x.com\/vocalegal","https:\/\/www.linkedin.com\/company\/vocalegal\/"]}]}},"_links":{"self":[{"href":"https:\/\/www.vocalegalglobal.com\/pt-pt\/wp-json\/wp\/v2\/pages\/5965","targetHints":{"allow":["GET"]}}],"collection":[{"href":"https:\/\/www.vocalegalglobal.com\/pt-pt\/wp-json\/wp\/v2\/pages"}],"about":[{"href":"https:\/\/www.vocalegalglobal.com\/pt-pt\/wp-json\/wp\/v2\/types\/page"}],"author":[{"embeddable":true,"href":"https:\/\/www.vocalegalglobal.com\/pt-pt\/wp-json\/wp\/v2\/users\/1"}],"replies":[{"embeddable":true,"href":"https:\/\/www.vocalegalglobal.com\/pt-pt\/wp-json\/wp\/v2\/comments?post=5965"}],"version-history":[{"count":10,"href":"https:\/\/www.vocalegalglobal.com\/pt-pt\/wp-json\/wp\/v2\/pages\/5965\/revisions"}],"predecessor-version":[{"id":10010,"href":"https:\/\/www.vocalegalglobal.com\/pt-pt\/wp-json\/wp\/v2\/pages\/5965\/revisions\/10010"}],"wp:featuredmedia":[{"embeddable":true,"href":"https:\/\/www.vocalegalglobal.com\/pt-pt\/wp-json\/wp\/v2\/media\/5967"}],"wp:attachment":[{"href":"https:\/\/www.vocalegalglobal.com\/pt-pt\/wp-json\/wp\/v2\/media?parent=5965"}],"curies":[{"name":"wp","href":"https:\/\/api.w.org\/{rel}","templated":true}]}}