{"id":6101,"date":"2022-10-05T18:09:21","date_gmt":"2022-10-05T17:09:21","guid":{"rendered":"https:\/\/www.vocalegalglobal.com\/professional-translation-services\/translation-mediation-services\/"},"modified":"2023-10-16T11:19:10","modified_gmt":"2023-10-16T10:19:10","slug":"servicos-de-mediacao-de-traducoes","status":"publish","type":"page","link":"https:\/\/www.vocalegalglobal.com\/pt-pt\/servicos-de-traducao-profissional\/servicos-de-mediacao-de-traducoes\/","title":{"rendered":"Servi\u00e7os de media\u00e7\u00e3o de tradu\u00e7\u00f5es"},"content":{"rendered":"","protected":false},"excerpt":{"rendered":"","protected":false},"author":1,"featured_media":6103,"parent":5965,"menu_order":0,"comment_status":"closed","ping_status":"closed","template":"templates\/translationmediationservices.php","meta":{"_acf_changed":false,"inline_featured_image":false,"_monsterinsights_skip_tracking":false,"_monsterinsights_sitenote_active":false,"_monsterinsights_sitenote_note":"","_monsterinsights_sitenote_category":0,"footnotes":""},"class_list":["post-6101","page","type-page","status-publish","has-post-thumbnail","hentry"],"acf":[],"yoast_head":"<!-- This site is optimized with the Yoast SEO Premium plugin v26.6 (Yoast SEO v26.6) - https:\/\/yoast.com\/wordpress\/plugins\/seo\/ -->\n<title>Translation Mediation and Arbitration Services<\/title>\n<meta name=\"description\" content=\"Translation mediation services to help swiftly resolve disputed translations or get expert advice on preparing your case persuasively.\" \/>\n<meta name=\"robots\" content=\"index, follow, max-snippet:-1, max-image-preview:large, max-video-preview:-1\" \/>\n<link rel=\"canonical\" href=\"https:\/\/www.vocalegalglobal.com\/pt-pt\/servicos-de-traducao-profissional\/servicos-de-mediacao-de-traducoes\/\" \/>\n<meta property=\"og:locale\" content=\"pt_PT\" \/>\n<meta property=\"og:type\" content=\"article\" \/>\n<meta property=\"og:title\" content=\"Servi\u00e7os de media\u00e7\u00e3o de tradu\u00e7\u00f5es\" \/>\n<meta property=\"og:description\" content=\"Translation mediation services to help swiftly resolve disputed translations or get expert advice on preparing your case persuasively.\" \/>\n<meta property=\"og:url\" content=\"https:\/\/www.vocalegalglobal.com\/pt-pt\/servicos-de-traducao-profissional\/servicos-de-mediacao-de-traducoes\/\" \/>\n<meta property=\"og:site_name\" content=\"Legal Translation Services, London, UK | Vocalegal\" \/>\n<meta property=\"article:modified_time\" content=\"2023-10-16T10:19:10+00:00\" \/>\n<meta property=\"og:image\" content=\"https:\/\/www.vocalegalglobal.com\/wp-content\/uploads\/2023\/04\/30-Translation-Mediation-Services_Final.png\" \/>\n\t<meta property=\"og:image:width\" content=\"800\" \/>\n\t<meta property=\"og:image:height\" content=\"800\" \/>\n\t<meta property=\"og:image:type\" content=\"image\/png\" \/>\n<meta name=\"twitter:card\" content=\"summary_large_image\" \/>\n<meta name=\"twitter:site\" content=\"@vocalegal\" \/>\n<!-- \/ Yoast SEO Premium plugin. -->","yoast_head_json":{"title":"Translation Mediation and Arbitration Services","description":"Translation mediation services to help swiftly resolve disputed translations or get expert advice on preparing your case persuasively.","robots":{"index":"index","follow":"follow","max-snippet":"max-snippet:-1","max-image-preview":"max-image-preview:large","max-video-preview":"max-video-preview:-1"},"canonical":"https:\/\/www.vocalegalglobal.com\/pt-pt\/servicos-de-traducao-profissional\/servicos-de-mediacao-de-traducoes\/","og_locale":"pt_PT","og_type":"article","og_title":"Servi\u00e7os de media\u00e7\u00e3o de tradu\u00e7\u00f5es","og_description":"Translation mediation services to help swiftly resolve disputed translations or get expert advice on preparing your case persuasively.","og_url":"https:\/\/www.vocalegalglobal.com\/pt-pt\/servicos-de-traducao-profissional\/servicos-de-mediacao-de-traducoes\/","og_site_name":"Legal Translation Services, London, UK | Vocalegal","article_modified_time":"2023-10-16T10:19:10+00:00","og_image":[{"width":800,"height":800,"url":"https:\/\/www.vocalegalglobal.com\/wp-content\/uploads\/2023\/04\/30-Translation-Mediation-Services_Final.png","type":"image\/png"}],"twitter_card":"summary_large_image","twitter_site":"@vocalegal","schema":{"@context":"https:\/\/schema.org","@graph":[{"@type":"WebPage","@id":"https:\/\/www.vocalegalglobal.com\/pt-pt\/servicos-de-traducao-profissional\/servicos-de-mediacao-de-traducoes\/","url":"https:\/\/www.vocalegalglobal.com\/pt-pt\/servicos-de-traducao-profissional\/servicos-de-mediacao-de-traducoes\/","name":"Translation Mediation and Arbitration Services","isPartOf":{"@id":"https:\/\/www.vocalegalglobal.com\/pt-pt\/#website"},"primaryImageOfPage":{"@id":"https:\/\/www.vocalegalglobal.com\/pt-pt\/servicos-de-traducao-profissional\/servicos-de-mediacao-de-traducoes\/#primaryimage"},"image":{"@id":"https:\/\/www.vocalegalglobal.com\/pt-pt\/servicos-de-traducao-profissional\/servicos-de-mediacao-de-traducoes\/#primaryimage"},"thumbnailUrl":"https:\/\/www.vocalegalglobal.com\/wp-content\/uploads\/2023\/04\/30-Translation-Mediation-Services_Final.png","datePublished":"2022-10-05T17:09:21+00:00","dateModified":"2023-10-16T10:19:10+00:00","description":"Translation mediation services to help swiftly resolve disputed translations or get expert advice on preparing your case persuasively.","breadcrumb":{"@id":"https:\/\/www.vocalegalglobal.com\/pt-pt\/servicos-de-traducao-profissional\/servicos-de-mediacao-de-traducoes\/#breadcrumb"},"inLanguage":"pt-PT","potentialAction":[{"@type":"ReadAction","target":["https:\/\/www.vocalegalglobal.com\/pt-pt\/servicos-de-traducao-profissional\/servicos-de-mediacao-de-traducoes\/"]}]},{"@type":"ImageObject","inLanguage":"pt-PT","@id":"https:\/\/www.vocalegalglobal.com\/pt-pt\/servicos-de-traducao-profissional\/servicos-de-mediacao-de-traducoes\/#primaryimage","url":"https:\/\/www.vocalegalglobal.com\/wp-content\/uploads\/2023\/04\/30-Translation-Mediation-Services_Final.png","contentUrl":"https:\/\/www.vocalegalglobal.com\/wp-content\/uploads\/2023\/04\/30-Translation-Mediation-Services_Final.png","width":800,"height":800},{"@type":"BreadcrumbList","@id":"https:\/\/www.vocalegalglobal.com\/pt-pt\/servicos-de-traducao-profissional\/servicos-de-mediacao-de-traducoes\/#breadcrumb","itemListElement":[{"@type":"ListItem","position":1,"name":"In\u00edcio","item":"https:\/\/www.vocalegalglobal.com\/pt-pt\/"},{"@type":"ListItem","position":2,"name":"Servi\u00e7os de tradu\u00e7\u00e3o profissional","item":"https:\/\/www.vocalegalglobal.com\/pt-pt\/servicos-de-traducao-profissional\/"},{"@type":"ListItem","position":3,"name":"Servi\u00e7os de media\u00e7\u00e3o de tradu\u00e7\u00f5es"}]},{"@type":"WebSite","@id":"https:\/\/www.vocalegalglobal.com\/pt-pt\/#website","url":"https:\/\/www.vocalegalglobal.com\/pt-pt\/","name":"Legal Translation Services, London, UK | Vocalegal","description":"","publisher":{"@id":"https:\/\/www.vocalegalglobal.com\/pt-pt\/#organization"},"potentialAction":[{"@type":"SearchAction","target":{"@type":"EntryPoint","urlTemplate":"https:\/\/www.vocalegalglobal.com\/pt-pt\/?s={search_term_string}"},"query-input":{"@type":"PropertyValueSpecification","valueRequired":true,"valueName":"search_term_string"}}],"inLanguage":"pt-PT"},{"@type":"Organization","@id":"https:\/\/www.vocalegalglobal.com\/pt-pt\/#organization","name":"Vocalegal Translation Services","url":"https:\/\/www.vocalegalglobal.com\/pt-pt\/","logo":{"@type":"ImageObject","inLanguage":"pt-PT","@id":"https:\/\/www.vocalegalglobal.com\/pt-pt\/#\/schema\/logo\/image\/","url":"https:\/\/www.vocalegalglobal.com\/wp-content\/uploads\/2023\/01\/Vocalegal-removebg-preview.png","contentUrl":"https:\/\/www.vocalegalglobal.com\/wp-content\/uploads\/2023\/01\/Vocalegal-removebg-preview.png","width":954,"height":166,"caption":"Vocalegal Translation Services"},"image":{"@id":"https:\/\/www.vocalegalglobal.com\/pt-pt\/#\/schema\/logo\/image\/"},"sameAs":["https:\/\/x.com\/vocalegal","https:\/\/www.linkedin.com\/company\/vocalegal\/"]}]}},"_links":{"self":[{"href":"https:\/\/www.vocalegalglobal.com\/pt-pt\/wp-json\/wp\/v2\/pages\/6101","targetHints":{"allow":["GET"]}}],"collection":[{"href":"https:\/\/www.vocalegalglobal.com\/pt-pt\/wp-json\/wp\/v2\/pages"}],"about":[{"href":"https:\/\/www.vocalegalglobal.com\/pt-pt\/wp-json\/wp\/v2\/types\/page"}],"author":[{"embeddable":true,"href":"https:\/\/www.vocalegalglobal.com\/pt-pt\/wp-json\/wp\/v2\/users\/1"}],"replies":[{"embeddable":true,"href":"https:\/\/www.vocalegalglobal.com\/pt-pt\/wp-json\/wp\/v2\/comments?post=6101"}],"version-history":[{"count":6,"href":"https:\/\/www.vocalegalglobal.com\/pt-pt\/wp-json\/wp\/v2\/pages\/6101\/revisions"}],"predecessor-version":[{"id":9543,"href":"https:\/\/www.vocalegalglobal.com\/pt-pt\/wp-json\/wp\/v2\/pages\/6101\/revisions\/9543"}],"up":[{"embeddable":true,"href":"https:\/\/www.vocalegalglobal.com\/pt-pt\/wp-json\/wp\/v2\/pages\/5965"}],"wp:featuredmedia":[{"embeddable":true,"href":"https:\/\/www.vocalegalglobal.com\/pt-pt\/wp-json\/wp\/v2\/media\/6103"}],"wp:attachment":[{"href":"https:\/\/www.vocalegalglobal.com\/pt-pt\/wp-json\/wp\/v2\/media?parent=6101"}],"curies":[{"name":"wp","href":"https:\/\/api.w.org\/{rel}","templated":true}]}}