{"id":6278,"date":"2022-10-05T18:11:52","date_gmt":"2022-10-05T17:11:52","guid":{"rendered":"https:\/\/www.vocalegalglobal.com\/expertise\/multilingual-ediscovery\/"},"modified":"2023-10-16T11:33:32","modified_gmt":"2023-10-16T10:33:32","slug":"solucoes-de-traducao-de-detecao-eletronica","status":"publish","type":"page","link":"https:\/\/www.vocalegalglobal.com\/pt-pt\/competencia\/solucoes-de-traducao-de-detecao-eletronica\/","title":{"rendered":"Solu\u00e7\u00f5es de tradu\u00e7\u00e3o de dete\u00e7\u00e3o eletr\u00f3nica"},"content":{"rendered":"","protected":false},"excerpt":{"rendered":"","protected":false},"author":1,"featured_media":6280,"parent":6257,"menu_order":0,"comment_status":"closed","ping_status":"closed","template":"templates\/multilingualediscovery.php","meta":{"_acf_changed":false,"inline_featured_image":false,"_monsterinsights_skip_tracking":false,"_monsterinsights_sitenote_active":false,"_monsterinsights_sitenote_note":"","_monsterinsights_sitenote_category":0,"footnotes":""},"class_list":["post-6278","page","type-page","status-publish","has-post-thumbnail","hentry"],"acf":[],"yoast_head":"<!-- This site is optimized with the Yoast SEO Premium plugin v26.6 (Yoast SEO v26.6) - https:\/\/yoast.com\/wordpress\/plugins\/seo\/ -->\n<title>Multilingual eDiscovery Translations | Vocalegal, Legal Translations<\/title>\n<meta name=\"description\" content=\"Multilingual eDiscovery translations for lawyers including ESI\/documents, providing comprehensive services for foreign document translation.\" \/>\n<meta name=\"robots\" content=\"index, follow, max-snippet:-1, max-image-preview:large, max-video-preview:-1\" \/>\n<link rel=\"canonical\" href=\"https:\/\/www.vocalegalglobal.com\/pt-pt\/competencia\/solucoes-de-traducao-de-detecao-eletronica\/\" \/>\n<meta property=\"og:locale\" content=\"pt_PT\" \/>\n<meta property=\"og:type\" content=\"article\" \/>\n<meta property=\"og:title\" content=\"Solu\u00e7\u00f5es de tradu\u00e7\u00e3o de dete\u00e7\u00e3o eletr\u00f3nica\" \/>\n<meta property=\"og:description\" content=\"Multilingual eDiscovery translations for lawyers including ESI\/documents, providing comprehensive services for foreign document translation.\" \/>\n<meta property=\"og:url\" content=\"https:\/\/www.vocalegalglobal.com\/pt-pt\/competencia\/solucoes-de-traducao-de-detecao-eletronica\/\" \/>\n<meta property=\"og:site_name\" content=\"Legal Translation Services, London, UK | Vocalegal\" \/>\n<meta property=\"article:modified_time\" content=\"2023-10-16T10:33:32+00:00\" \/>\n<meta property=\"og:image\" content=\"https:\/\/www.vocalegalglobal.com\/wp-content\/uploads\/2023\/05\/66-Final-1.png\" \/>\n\t<meta property=\"og:image:width\" content=\"800\" \/>\n\t<meta property=\"og:image:height\" content=\"800\" \/>\n\t<meta property=\"og:image:type\" content=\"image\/png\" \/>\n<meta name=\"twitter:card\" content=\"summary_large_image\" \/>\n<meta name=\"twitter:site\" content=\"@vocalegal\" \/>\n<!-- \/ Yoast SEO Premium plugin. -->","yoast_head_json":{"title":"Multilingual eDiscovery Translations | Vocalegal, Legal Translations","description":"Multilingual eDiscovery translations for lawyers including ESI\/documents, providing comprehensive services for foreign document translation.","robots":{"index":"index","follow":"follow","max-snippet":"max-snippet:-1","max-image-preview":"max-image-preview:large","max-video-preview":"max-video-preview:-1"},"canonical":"https:\/\/www.vocalegalglobal.com\/pt-pt\/competencia\/solucoes-de-traducao-de-detecao-eletronica\/","og_locale":"pt_PT","og_type":"article","og_title":"Solu\u00e7\u00f5es de tradu\u00e7\u00e3o de dete\u00e7\u00e3o eletr\u00f3nica","og_description":"Multilingual eDiscovery translations for lawyers including ESI\/documents, providing comprehensive services for foreign document translation.","og_url":"https:\/\/www.vocalegalglobal.com\/pt-pt\/competencia\/solucoes-de-traducao-de-detecao-eletronica\/","og_site_name":"Legal Translation Services, London, UK | Vocalegal","article_modified_time":"2023-10-16T10:33:32+00:00","og_image":[{"width":800,"height":800,"url":"https:\/\/www.vocalegalglobal.com\/wp-content\/uploads\/2023\/05\/66-Final-1.png","type":"image\/png"}],"twitter_card":"summary_large_image","twitter_site":"@vocalegal","schema":{"@context":"https:\/\/schema.org","@graph":[{"@type":"WebPage","@id":"https:\/\/www.vocalegalglobal.com\/pt-pt\/competencia\/solucoes-de-traducao-de-detecao-eletronica\/","url":"https:\/\/www.vocalegalglobal.com\/pt-pt\/competencia\/solucoes-de-traducao-de-detecao-eletronica\/","name":"Multilingual eDiscovery Translations | Vocalegal, Legal Translations","isPartOf":{"@id":"https:\/\/www.vocalegalglobal.com\/pt-pt\/#website"},"primaryImageOfPage":{"@id":"https:\/\/www.vocalegalglobal.com\/pt-pt\/competencia\/solucoes-de-traducao-de-detecao-eletronica\/#primaryimage"},"image":{"@id":"https:\/\/www.vocalegalglobal.com\/pt-pt\/competencia\/solucoes-de-traducao-de-detecao-eletronica\/#primaryimage"},"thumbnailUrl":"https:\/\/www.vocalegalglobal.com\/wp-content\/uploads\/2023\/05\/66-Final-1.png","datePublished":"2022-10-05T17:11:52+00:00","dateModified":"2023-10-16T10:33:32+00:00","description":"Multilingual eDiscovery translations for lawyers including ESI\/documents, providing comprehensive services for foreign document translation.","breadcrumb":{"@id":"https:\/\/www.vocalegalglobal.com\/pt-pt\/competencia\/solucoes-de-traducao-de-detecao-eletronica\/#breadcrumb"},"inLanguage":"pt-PT","potentialAction":[{"@type":"ReadAction","target":["https:\/\/www.vocalegalglobal.com\/pt-pt\/competencia\/solucoes-de-traducao-de-detecao-eletronica\/"]}]},{"@type":"ImageObject","inLanguage":"pt-PT","@id":"https:\/\/www.vocalegalglobal.com\/pt-pt\/competencia\/solucoes-de-traducao-de-detecao-eletronica\/#primaryimage","url":"https:\/\/www.vocalegalglobal.com\/wp-content\/uploads\/2023\/05\/66-Final-1.png","contentUrl":"https:\/\/www.vocalegalglobal.com\/wp-content\/uploads\/2023\/05\/66-Final-1.png","width":800,"height":800},{"@type":"BreadcrumbList","@id":"https:\/\/www.vocalegalglobal.com\/pt-pt\/competencia\/solucoes-de-traducao-de-detecao-eletronica\/#breadcrumb","itemListElement":[{"@type":"ListItem","position":1,"name":"In\u00edcio","item":"https:\/\/www.vocalegalglobal.com\/pt-pt\/"},{"@type":"ListItem","position":2,"name":"Servi\u00e7os de tradu\u00e7\u00e3o jur\u00eddica","item":"https:\/\/www.vocalegalglobal.com\/pt-pt\/expertise\/"},{"@type":"ListItem","position":3,"name":"Solu\u00e7\u00f5es de tradu\u00e7\u00e3o de dete\u00e7\u00e3o eletr\u00f3nica"}]},{"@type":"WebSite","@id":"https:\/\/www.vocalegalglobal.com\/pt-pt\/#website","url":"https:\/\/www.vocalegalglobal.com\/pt-pt\/","name":"Legal Translation Services, London, UK | Vocalegal","description":"","publisher":{"@id":"https:\/\/www.vocalegalglobal.com\/pt-pt\/#organization"},"potentialAction":[{"@type":"SearchAction","target":{"@type":"EntryPoint","urlTemplate":"https:\/\/www.vocalegalglobal.com\/pt-pt\/?s={search_term_string}"},"query-input":{"@type":"PropertyValueSpecification","valueRequired":true,"valueName":"search_term_string"}}],"inLanguage":"pt-PT"},{"@type":"Organization","@id":"https:\/\/www.vocalegalglobal.com\/pt-pt\/#organization","name":"Vocalegal Translation Services","url":"https:\/\/www.vocalegalglobal.com\/pt-pt\/","logo":{"@type":"ImageObject","inLanguage":"pt-PT","@id":"https:\/\/www.vocalegalglobal.com\/pt-pt\/#\/schema\/logo\/image\/","url":"https:\/\/www.vocalegalglobal.com\/wp-content\/uploads\/2023\/01\/Vocalegal-removebg-preview.png","contentUrl":"https:\/\/www.vocalegalglobal.com\/wp-content\/uploads\/2023\/01\/Vocalegal-removebg-preview.png","width":954,"height":166,"caption":"Vocalegal Translation Services"},"image":{"@id":"https:\/\/www.vocalegalglobal.com\/pt-pt\/#\/schema\/logo\/image\/"},"sameAs":["https:\/\/x.com\/vocalegal","https:\/\/www.linkedin.com\/company\/vocalegal\/"]}]}},"_links":{"self":[{"href":"https:\/\/www.vocalegalglobal.com\/pt-pt\/wp-json\/wp\/v2\/pages\/6278","targetHints":{"allow":["GET"]}}],"collection":[{"href":"https:\/\/www.vocalegalglobal.com\/pt-pt\/wp-json\/wp\/v2\/pages"}],"about":[{"href":"https:\/\/www.vocalegalglobal.com\/pt-pt\/wp-json\/wp\/v2\/types\/page"}],"author":[{"embeddable":true,"href":"https:\/\/www.vocalegalglobal.com\/pt-pt\/wp-json\/wp\/v2\/users\/1"}],"replies":[{"embeddable":true,"href":"https:\/\/www.vocalegalglobal.com\/pt-pt\/wp-json\/wp\/v2\/comments?post=6278"}],"version-history":[{"count":3,"href":"https:\/\/www.vocalegalglobal.com\/pt-pt\/wp-json\/wp\/v2\/pages\/6278\/revisions"}],"predecessor-version":[{"id":9548,"href":"https:\/\/www.vocalegalglobal.com\/pt-pt\/wp-json\/wp\/v2\/pages\/6278\/revisions\/9548"}],"up":[{"embeddable":true,"href":"https:\/\/www.vocalegalglobal.com\/pt-pt\/wp-json\/wp\/v2\/pages\/6257"}],"wp:featuredmedia":[{"embeddable":true,"href":"https:\/\/www.vocalegalglobal.com\/pt-pt\/wp-json\/wp\/v2\/media\/6280"}],"wp:attachment":[{"href":"https:\/\/www.vocalegalglobal.com\/pt-pt\/wp-json\/wp\/v2\/media?parent=6278"}],"curies":[{"name":"wp","href":"https:\/\/api.w.org\/{rel}","templated":true}]}}