{"id":6313,"date":"2022-10-05T18:10:46","date_gmt":"2022-10-05T17:10:46","guid":{"rendered":"https:\/\/www.vocalegalglobal.com\/expertise\/m-a-and-due-diligence\/"},"modified":"2023-10-16T11:33:38","modified_gmt":"2023-10-16T10:33:38","slug":"traducao-no-dominio-da-diligencia-devida-em-materia-de-fusoes-e-aquisicoes","status":"publish","type":"page","link":"https:\/\/www.vocalegalglobal.com\/pt-pt\/competencia\/traducao-no-dominio-da-diligencia-devida-em-materia-de-fusoes-e-aquisicoes\/","title":{"rendered":"Tradu\u00e7\u00e3o no dom\u00ednio da dilig\u00eancia devida em mat\u00e9ria de fus\u00f5es e aquisi\u00e7\u00f5es"},"content":{"rendered":"","protected":false},"excerpt":{"rendered":"","protected":false},"author":1,"featured_media":6315,"parent":6257,"menu_order":0,"comment_status":"closed","ping_status":"closed","template":"templates\/m_a duedilligence.php","meta":{"_acf_changed":false,"inline_featured_image":false,"_monsterinsights_skip_tracking":false,"_monsterinsights_sitenote_active":false,"_monsterinsights_sitenote_note":"","_monsterinsights_sitenote_category":0,"footnotes":""},"class_list":["post-6313","page","type-page","status-publish","has-post-thumbnail","hentry"],"acf":[],"yoast_head":"<!-- This site is optimized with the Yoast SEO Premium plugin v26.6 (Yoast SEO v26.6) - https:\/\/yoast.com\/wordpress\/plugins\/seo\/ -->\n<title>Tradu\u00e7\u00e3o no dom\u00ednio da dilig\u00eancia devida em mat\u00e9ria de fus\u00f5es e aquisi\u00e7\u00f5es - Legal Translation Services, London, UK | Vocalegal<\/title>\n<meta name=\"description\" content=\"M&amp;A and Due Diligence translations of foreign documents for cross-border matters by legally trained multilingual translators globally.\" \/>\n<meta name=\"robots\" content=\"index, follow, max-snippet:-1, max-image-preview:large, max-video-preview:-1\" \/>\n<link rel=\"canonical\" href=\"https:\/\/www.vocalegalglobal.com\/pt-pt\/competencia\/traducao-no-dominio-da-diligencia-devida-em-materia-de-fusoes-e-aquisicoes\/\" \/>\n<meta property=\"og:locale\" content=\"pt_PT\" \/>\n<meta property=\"og:type\" content=\"article\" \/>\n<meta property=\"og:title\" content=\"Tradu\u00e7\u00e3o no dom\u00ednio da dilig\u00eancia devida em mat\u00e9ria de fus\u00f5es e aquisi\u00e7\u00f5es\" \/>\n<meta property=\"og:description\" content=\"M&amp;A and Due Diligence translations of foreign documents for cross-border matters by legally trained multilingual translators globally.\" \/>\n<meta property=\"og:url\" content=\"https:\/\/www.vocalegalglobal.com\/pt-pt\/competencia\/traducao-no-dominio-da-diligencia-devida-em-materia-de-fusoes-e-aquisicoes\/\" \/>\n<meta property=\"og:site_name\" content=\"Legal Translation Services, London, UK | Vocalegal\" \/>\n<meta property=\"article:modified_time\" content=\"2023-10-16T10:33:38+00:00\" \/>\n<meta property=\"og:image\" content=\"https:\/\/www.vocalegalglobal.com\/wp-content\/uploads\/2023\/05\/78-TRA1-1.png\" \/>\n\t<meta property=\"og:image:width\" content=\"800\" \/>\n\t<meta property=\"og:image:height\" content=\"800\" \/>\n\t<meta property=\"og:image:type\" content=\"image\/png\" \/>\n<meta name=\"twitter:card\" content=\"summary_large_image\" \/>\n<meta name=\"twitter:site\" content=\"@vocalegal\" \/>\n<!-- \/ Yoast SEO Premium plugin. -->","yoast_head_json":{"title":"Tradu\u00e7\u00e3o no dom\u00ednio da dilig\u00eancia devida em mat\u00e9ria de fus\u00f5es e aquisi\u00e7\u00f5es - Legal Translation Services, London, UK | Vocalegal","description":"M&A and Due Diligence translations of foreign documents for cross-border matters by legally trained multilingual translators globally.","robots":{"index":"index","follow":"follow","max-snippet":"max-snippet:-1","max-image-preview":"max-image-preview:large","max-video-preview":"max-video-preview:-1"},"canonical":"https:\/\/www.vocalegalglobal.com\/pt-pt\/competencia\/traducao-no-dominio-da-diligencia-devida-em-materia-de-fusoes-e-aquisicoes\/","og_locale":"pt_PT","og_type":"article","og_title":"Tradu\u00e7\u00e3o no dom\u00ednio da dilig\u00eancia devida em mat\u00e9ria de fus\u00f5es e aquisi\u00e7\u00f5es","og_description":"M&A and Due Diligence translations of foreign documents for cross-border matters by legally trained multilingual translators globally.","og_url":"https:\/\/www.vocalegalglobal.com\/pt-pt\/competencia\/traducao-no-dominio-da-diligencia-devida-em-materia-de-fusoes-e-aquisicoes\/","og_site_name":"Legal Translation Services, London, UK | Vocalegal","article_modified_time":"2023-10-16T10:33:38+00:00","og_image":[{"width":800,"height":800,"url":"https:\/\/www.vocalegalglobal.com\/wp-content\/uploads\/2023\/05\/78-TRA1-1.png","type":"image\/png"}],"twitter_card":"summary_large_image","twitter_site":"@vocalegal","schema":{"@context":"https:\/\/schema.org","@graph":[{"@type":"WebPage","@id":"https:\/\/www.vocalegalglobal.com\/pt-pt\/competencia\/traducao-no-dominio-da-diligencia-devida-em-materia-de-fusoes-e-aquisicoes\/","url":"https:\/\/www.vocalegalglobal.com\/pt-pt\/competencia\/traducao-no-dominio-da-diligencia-devida-em-materia-de-fusoes-e-aquisicoes\/","name":"Tradu\u00e7\u00e3o no dom\u00ednio da dilig\u00eancia devida em mat\u00e9ria de fus\u00f5es e aquisi\u00e7\u00f5es - Legal Translation Services, London, UK | Vocalegal","isPartOf":{"@id":"https:\/\/www.vocalegalglobal.com\/pt-pt\/#website"},"primaryImageOfPage":{"@id":"https:\/\/www.vocalegalglobal.com\/pt-pt\/competencia\/traducao-no-dominio-da-diligencia-devida-em-materia-de-fusoes-e-aquisicoes\/#primaryimage"},"image":{"@id":"https:\/\/www.vocalegalglobal.com\/pt-pt\/competencia\/traducao-no-dominio-da-diligencia-devida-em-materia-de-fusoes-e-aquisicoes\/#primaryimage"},"thumbnailUrl":"https:\/\/www.vocalegalglobal.com\/wp-content\/uploads\/2023\/05\/78-TRA1-1.png","datePublished":"2022-10-05T17:10:46+00:00","dateModified":"2023-10-16T10:33:38+00:00","description":"M&A and Due Diligence translations of foreign documents for cross-border matters by legally trained multilingual translators globally.","breadcrumb":{"@id":"https:\/\/www.vocalegalglobal.com\/pt-pt\/competencia\/traducao-no-dominio-da-diligencia-devida-em-materia-de-fusoes-e-aquisicoes\/#breadcrumb"},"inLanguage":"pt-PT","potentialAction":[{"@type":"ReadAction","target":["https:\/\/www.vocalegalglobal.com\/pt-pt\/competencia\/traducao-no-dominio-da-diligencia-devida-em-materia-de-fusoes-e-aquisicoes\/"]}]},{"@type":"ImageObject","inLanguage":"pt-PT","@id":"https:\/\/www.vocalegalglobal.com\/pt-pt\/competencia\/traducao-no-dominio-da-diligencia-devida-em-materia-de-fusoes-e-aquisicoes\/#primaryimage","url":"https:\/\/www.vocalegalglobal.com\/wp-content\/uploads\/2023\/05\/78-TRA1-1.png","contentUrl":"https:\/\/www.vocalegalglobal.com\/wp-content\/uploads\/2023\/05\/78-TRA1-1.png","width":800,"height":800},{"@type":"BreadcrumbList","@id":"https:\/\/www.vocalegalglobal.com\/pt-pt\/competencia\/traducao-no-dominio-da-diligencia-devida-em-materia-de-fusoes-e-aquisicoes\/#breadcrumb","itemListElement":[{"@type":"ListItem","position":1,"name":"In\u00edcio","item":"https:\/\/www.vocalegalglobal.com\/pt-pt\/"},{"@type":"ListItem","position":2,"name":"Servi\u00e7os de tradu\u00e7\u00e3o jur\u00eddica","item":"https:\/\/www.vocalegalglobal.com\/pt-pt\/expertise\/"},{"@type":"ListItem","position":3,"name":"Tradu\u00e7\u00e3o no dom\u00ednio da dilig\u00eancia devida em mat\u00e9ria de fus\u00f5es e aquisi\u00e7\u00f5es"}]},{"@type":"WebSite","@id":"https:\/\/www.vocalegalglobal.com\/pt-pt\/#website","url":"https:\/\/www.vocalegalglobal.com\/pt-pt\/","name":"Legal Translation Services, London, UK | Vocalegal","description":"","publisher":{"@id":"https:\/\/www.vocalegalglobal.com\/pt-pt\/#organization"},"potentialAction":[{"@type":"SearchAction","target":{"@type":"EntryPoint","urlTemplate":"https:\/\/www.vocalegalglobal.com\/pt-pt\/?s={search_term_string}"},"query-input":{"@type":"PropertyValueSpecification","valueRequired":true,"valueName":"search_term_string"}}],"inLanguage":"pt-PT"},{"@type":"Organization","@id":"https:\/\/www.vocalegalglobal.com\/pt-pt\/#organization","name":"Vocalegal Translation Services","url":"https:\/\/www.vocalegalglobal.com\/pt-pt\/","logo":{"@type":"ImageObject","inLanguage":"pt-PT","@id":"https:\/\/www.vocalegalglobal.com\/pt-pt\/#\/schema\/logo\/image\/","url":"https:\/\/www.vocalegalglobal.com\/wp-content\/uploads\/2023\/01\/Vocalegal-removebg-preview.png","contentUrl":"https:\/\/www.vocalegalglobal.com\/wp-content\/uploads\/2023\/01\/Vocalegal-removebg-preview.png","width":954,"height":166,"caption":"Vocalegal Translation Services"},"image":{"@id":"https:\/\/www.vocalegalglobal.com\/pt-pt\/#\/schema\/logo\/image\/"},"sameAs":["https:\/\/x.com\/vocalegal","https:\/\/www.linkedin.com\/company\/vocalegal\/"]}]}},"_links":{"self":[{"href":"https:\/\/www.vocalegalglobal.com\/pt-pt\/wp-json\/wp\/v2\/pages\/6313","targetHints":{"allow":["GET"]}}],"collection":[{"href":"https:\/\/www.vocalegalglobal.com\/pt-pt\/wp-json\/wp\/v2\/pages"}],"about":[{"href":"https:\/\/www.vocalegalglobal.com\/pt-pt\/wp-json\/wp\/v2\/types\/page"}],"author":[{"embeddable":true,"href":"https:\/\/www.vocalegalglobal.com\/pt-pt\/wp-json\/wp\/v2\/users\/1"}],"replies":[{"embeddable":true,"href":"https:\/\/www.vocalegalglobal.com\/pt-pt\/wp-json\/wp\/v2\/comments?post=6313"}],"version-history":[{"count":3,"href":"https:\/\/www.vocalegalglobal.com\/pt-pt\/wp-json\/wp\/v2\/pages\/6313\/revisions"}],"predecessor-version":[{"id":9551,"href":"https:\/\/www.vocalegalglobal.com\/pt-pt\/wp-json\/wp\/v2\/pages\/6313\/revisions\/9551"}],"up":[{"embeddable":true,"href":"https:\/\/www.vocalegalglobal.com\/pt-pt\/wp-json\/wp\/v2\/pages\/6257"}],"wp:featuredmedia":[{"embeddable":true,"href":"https:\/\/www.vocalegalglobal.com\/pt-pt\/wp-json\/wp\/v2\/media\/6315"}],"wp:attachment":[{"href":"https:\/\/www.vocalegalglobal.com\/pt-pt\/wp-json\/wp\/v2\/media?parent=6313"}],"curies":[{"name":"wp","href":"https:\/\/api.w.org\/{rel}","templated":true}]}}