{"id":7617,"date":"2022-10-11T11:22:18","date_gmt":"2022-10-11T10:22:18","guid":{"rendered":"https:\/\/www.vocalegalglobal.com\/effective-translation-management\/"},"modified":"2023-09-06T11:15:36","modified_gmt":"2023-09-06T10:15:36","slug":"gestao-eficaz-das-traducoes-de-documentos","status":"publish","type":"page","link":"https:\/\/www.vocalegalglobal.com\/pt-pt\/gestao-eficaz-das-traducoes-de-documentos\/","title":{"rendered":"Gest\u00e3o eficaz das tradu\u00e7\u00f5es de documentos"},"content":{"rendered":"","protected":false},"excerpt":{"rendered":"","protected":false},"author":1,"featured_media":7618,"parent":0,"menu_order":0,"comment_status":"closed","ping_status":"closed","template":"templates\/webinar.php","meta":{"_acf_changed":false,"inline_featured_image":false,"_monsterinsights_skip_tracking":false,"_monsterinsights_sitenote_active":false,"_monsterinsights_sitenote_note":"","_monsterinsights_sitenote_category":0,"footnotes":""},"class_list":["post-7617","page","type-page","status-publish","has-post-thumbnail","hentry"],"acf":[],"yoast_head":"<!-- This site is optimized with the Yoast SEO Premium plugin v26.6 (Yoast SEO v26.6) - https:\/\/yoast.com\/wordpress\/plugins\/seo\/ -->\n<title>Gest\u00e3o eficaz das tradu\u00e7\u00f5es de documentos - Legal Translation Services, London, UK | Vocalegal<\/title>\n<meta name=\"robots\" content=\"index, follow, max-snippet:-1, max-image-preview:large, max-video-preview:-1\" \/>\n<link rel=\"canonical\" href=\"https:\/\/www.vocalegalglobal.com\/pt-pt\/gestao-eficaz-das-traducoes-de-documentos\/\" \/>\n<meta property=\"og:locale\" content=\"pt_PT\" \/>\n<meta property=\"og:type\" content=\"article\" \/>\n<meta property=\"og:title\" content=\"Gest\u00e3o eficaz das tradu\u00e7\u00f5es de documentos\" \/>\n<meta property=\"og:url\" content=\"https:\/\/www.vocalegalglobal.com\/pt-pt\/gestao-eficaz-das-traducoes-de-documentos\/\" \/>\n<meta property=\"og:site_name\" content=\"Legal Translation Services, London, UK | Vocalegal\" \/>\n<meta property=\"article:modified_time\" content=\"2023-09-06T10:15:36+00:00\" \/>\n<meta property=\"og:image\" content=\"https:\/\/www.vocalegalglobal.com\/wp-content\/uploads\/2022\/10\/Rectangle-Copy-7-1.jpg\" \/>\n\t<meta property=\"og:image:width\" content=\"1440\" \/>\n\t<meta property=\"og:image:height\" content=\"320\" \/>\n\t<meta property=\"og:image:type\" content=\"image\/jpeg\" \/>\n<meta name=\"twitter:card\" content=\"summary_large_image\" \/>\n<meta name=\"twitter:site\" content=\"@vocalegal\" \/>\n<!-- \/ Yoast SEO Premium plugin. -->","yoast_head_json":{"title":"Gest\u00e3o eficaz das tradu\u00e7\u00f5es de documentos - Legal Translation Services, London, UK | Vocalegal","robots":{"index":"index","follow":"follow","max-snippet":"max-snippet:-1","max-image-preview":"max-image-preview:large","max-video-preview":"max-video-preview:-1"},"canonical":"https:\/\/www.vocalegalglobal.com\/pt-pt\/gestao-eficaz-das-traducoes-de-documentos\/","og_locale":"pt_PT","og_type":"article","og_title":"Gest\u00e3o eficaz das tradu\u00e7\u00f5es de documentos","og_url":"https:\/\/www.vocalegalglobal.com\/pt-pt\/gestao-eficaz-das-traducoes-de-documentos\/","og_site_name":"Legal Translation Services, London, UK | Vocalegal","article_modified_time":"2023-09-06T10:15:36+00:00","og_image":[{"width":1440,"height":320,"url":"https:\/\/www.vocalegalglobal.com\/wp-content\/uploads\/2022\/10\/Rectangle-Copy-7-1.jpg","type":"image\/jpeg"}],"twitter_card":"summary_large_image","twitter_site":"@vocalegal","schema":{"@context":"https:\/\/schema.org","@graph":[{"@type":"WebPage","@id":"https:\/\/www.vocalegalglobal.com\/pt-pt\/gestao-eficaz-das-traducoes-de-documentos\/","url":"https:\/\/www.vocalegalglobal.com\/pt-pt\/gestao-eficaz-das-traducoes-de-documentos\/","name":"Gest\u00e3o eficaz das tradu\u00e7\u00f5es de documentos - Legal Translation Services, London, UK | Vocalegal","isPartOf":{"@id":"https:\/\/www.vocalegalglobal.com\/pt-pt\/#website"},"primaryImageOfPage":{"@id":"https:\/\/www.vocalegalglobal.com\/pt-pt\/gestao-eficaz-das-traducoes-de-documentos\/#primaryimage"},"image":{"@id":"https:\/\/www.vocalegalglobal.com\/pt-pt\/gestao-eficaz-das-traducoes-de-documentos\/#primaryimage"},"thumbnailUrl":"https:\/\/www.vocalegalglobal.com\/wp-content\/uploads\/2022\/10\/Rectangle-Copy-7-1.jpg","datePublished":"2022-10-11T10:22:18+00:00","dateModified":"2023-09-06T10:15:36+00:00","breadcrumb":{"@id":"https:\/\/www.vocalegalglobal.com\/pt-pt\/gestao-eficaz-das-traducoes-de-documentos\/#breadcrumb"},"inLanguage":"pt-PT","potentialAction":[{"@type":"ReadAction","target":["https:\/\/www.vocalegalglobal.com\/pt-pt\/gestao-eficaz-das-traducoes-de-documentos\/"]}]},{"@type":"ImageObject","inLanguage":"pt-PT","@id":"https:\/\/www.vocalegalglobal.com\/pt-pt\/gestao-eficaz-das-traducoes-de-documentos\/#primaryimage","url":"https:\/\/www.vocalegalglobal.com\/wp-content\/uploads\/2022\/10\/Rectangle-Copy-7-1.jpg","contentUrl":"https:\/\/www.vocalegalglobal.com\/wp-content\/uploads\/2022\/10\/Rectangle-Copy-7-1.jpg","width":1440,"height":320,"caption":"Rectangle Copy 7 1"},{"@type":"BreadcrumbList","@id":"https:\/\/www.vocalegalglobal.com\/pt-pt\/gestao-eficaz-das-traducoes-de-documentos\/#breadcrumb","itemListElement":[{"@type":"ListItem","position":1,"name":"In\u00edcio","item":"https:\/\/www.vocalegalglobal.com\/pt-pt\/"},{"@type":"ListItem","position":2,"name":"Gest\u00e3o eficaz das tradu\u00e7\u00f5es de documentos"}]},{"@type":"WebSite","@id":"https:\/\/www.vocalegalglobal.com\/pt-pt\/#website","url":"https:\/\/www.vocalegalglobal.com\/pt-pt\/","name":"Legal Translation Services, London, UK | Vocalegal","description":"","publisher":{"@id":"https:\/\/www.vocalegalglobal.com\/pt-pt\/#organization"},"potentialAction":[{"@type":"SearchAction","target":{"@type":"EntryPoint","urlTemplate":"https:\/\/www.vocalegalglobal.com\/pt-pt\/?s={search_term_string}"},"query-input":{"@type":"PropertyValueSpecification","valueRequired":true,"valueName":"search_term_string"}}],"inLanguage":"pt-PT"},{"@type":"Organization","@id":"https:\/\/www.vocalegalglobal.com\/pt-pt\/#organization","name":"Vocalegal Translation Services","url":"https:\/\/www.vocalegalglobal.com\/pt-pt\/","logo":{"@type":"ImageObject","inLanguage":"pt-PT","@id":"https:\/\/www.vocalegalglobal.com\/pt-pt\/#\/schema\/logo\/image\/","url":"https:\/\/www.vocalegalglobal.com\/wp-content\/uploads\/2023\/01\/Vocalegal-removebg-preview.png","contentUrl":"https:\/\/www.vocalegalglobal.com\/wp-content\/uploads\/2023\/01\/Vocalegal-removebg-preview.png","width":954,"height":166,"caption":"Vocalegal Translation Services"},"image":{"@id":"https:\/\/www.vocalegalglobal.com\/pt-pt\/#\/schema\/logo\/image\/"},"sameAs":["https:\/\/x.com\/vocalegal","https:\/\/www.linkedin.com\/company\/vocalegal\/"]}]}},"_links":{"self":[{"href":"https:\/\/www.vocalegalglobal.com\/pt-pt\/wp-json\/wp\/v2\/pages\/7617","targetHints":{"allow":["GET"]}}],"collection":[{"href":"https:\/\/www.vocalegalglobal.com\/pt-pt\/wp-json\/wp\/v2\/pages"}],"about":[{"href":"https:\/\/www.vocalegalglobal.com\/pt-pt\/wp-json\/wp\/v2\/types\/page"}],"author":[{"embeddable":true,"href":"https:\/\/www.vocalegalglobal.com\/pt-pt\/wp-json\/wp\/v2\/users\/1"}],"replies":[{"embeddable":true,"href":"https:\/\/www.vocalegalglobal.com\/pt-pt\/wp-json\/wp\/v2\/comments?post=7617"}],"version-history":[{"count":1,"href":"https:\/\/www.vocalegalglobal.com\/pt-pt\/wp-json\/wp\/v2\/pages\/7617\/revisions"}],"predecessor-version":[{"id":8591,"href":"https:\/\/www.vocalegalglobal.com\/pt-pt\/wp-json\/wp\/v2\/pages\/7617\/revisions\/8591"}],"wp:featuredmedia":[{"embeddable":true,"href":"https:\/\/www.vocalegalglobal.com\/pt-pt\/wp-json\/wp\/v2\/media\/7618"}],"wp:attachment":[{"href":"https:\/\/www.vocalegalglobal.com\/pt-pt\/wp-json\/wp\/v2\/media?parent=7617"}],"curies":[{"name":"wp","href":"https:\/\/api.w.org\/{rel}","templated":true}]}}